{"id":583,"date":"2018-12-13T10:17:32","date_gmt":"2018-12-13T10:17:32","guid":{"rendered":"http:\/\/rietmannwelten.mona.z6c.de\/?page_id=583"},"modified":"2025-08-20T12:45:03","modified_gmt":"2025-08-20T10:45:03","slug":"ueber-uns","status":"publish","type":"page","link":"https:\/\/www.rietmann.de\/fr\/ueber-uns\/","title":{"rendered":"Ca c\u2019est nous!"},"content":{"rendered":"[vc_row thb_full_width=\u00a0\u00bbtrue\u00a0\u00bb thb_row_padding=\u00a0\u00bbtrue\u00a0\u00bb full_height=\u00a0\u00bbtrue\u00a0\u00bb content_placement=\u00a0\u00bbmiddle\u00a0\u00bb parallax=\u00a0\u00bbcontent-moving-fade\u00a0\u00bb mouse_scroll=\u00a0\u00bbtrue\u00a0\u00bb css=\u00a0\u00bb.vc_custom_1550741300442{background-color: #cc5b39 !important;background-position: center;background-repeat: no-repeat !important;background-size: cover !important;}\u00a0\u00bb][vc_column thb_color=\u00a0\u00bbthb-light-column\u00a0\u00bb el_class=\u00a0\u00bbtext-center\u00a0\u00bb][vc_column_text]\n<h1>Nous sommes Rietmann<\/h1>\n<p>RIETMANN n&rsquo;est pas seulement sp\u00e9cialis\u00e9 dans les pr\u00e9mixes classiques, mais aussi dans les m\u00e9langes de mati\u00e8res premi\u00e8res sur mesure dans le secteur de la boulangerie.<\/p>\n<p>Depuis longtemps, nous sommes parmi les meilleurs de notre secteur. De nombreux fabricants renomm\u00e9s de grandes marques nationales et internationales appr\u00e9cient la haute qualit\u00e9 de notre entreprise.<br \/>\nQu&rsquo;il s&rsquo;agisse de pain artisanal ou de d\u00e9licieuses p\u00e2tisseries &#8211; un savoir-faire complet associ\u00e9 \u00e0 une technologie de pointe garantit des innovations qui inspirent. C&rsquo;est notre pain quotidien.[\/vc_column_text][vc_row_inner][vc_column_inner][vc_empty_space height=\u00a0\u00bb80px\u00a0\u00bb][\/vc_column_inner][\/vc_row_inner][vc_row_inner][vc_column_inner width=\u00a0\u00bb1\/6&Prime;][\/vc_column_inner][vc_column_inner width=\u00a0\u00bb1\/6&Prime;][vc_column_text]\n<h3>Quelques faits<\/h3>\n[\/vc_column_text][\/vc_column_inner][vc_column_inner width=\u00a0\u00bb1\/6&Prime;]\t<div class=\"thb-counter\" id=\"thb-counter-40\">\n\t\t<style>\n\t\t#thb-counter-40 .odometer.odometer-auto-theme.odometer-animating-up .odometer-ribbon-inner,\n\t\t#thb-counter-40 .odometer.odometer-theme-minimal.odometer-animating-up .odometer-ribbon-inner {\n\t\t\ttransition: transform 2s;\n\t\t}\n\t\t#thb-counter-40 figure {\n\t\t\tcolor: ;\n\t\t}\n\t\t#thb-counter-40 svg path,\n\t\t#thb-counter-40 svg circle,\n\t\t#thb-counter-40 rect,\n\t\t#thb-counter-40 svg ellipse {\n\t\t\tstroke: ;\n\t\t}\n\t\t#thb-counter-40 .number {\n\t\t\tcolor: ;\n\t\t}\n\t\t<\/style>\n\t\t\t\t<div class=\"number\" data-count=\"58\" data-speed=\"2000\">0<\/div>\n\t\t<h6>ans<\/h6>\n\t\t\t\t<div>de savoir-faire<\/div>\n\t\t\t<\/div>\n\t[\/vc_column_inner][vc_column_inner width=\u00a0\u00bb1\/6&Prime;]\t<div class=\"thb-counter\" id=\"thb-counter-27\">\n\t\t<style>\n\t\t#thb-counter-27 .odometer.odometer-auto-theme.odometer-animating-up .odometer-ribbon-inner,\n\t\t#thb-counter-27 .odometer.odometer-theme-minimal.odometer-animating-up .odometer-ribbon-inner {\n\t\t\ttransition: transform 2s;\n\t\t}\n\t\t#thb-counter-27 figure {\n\t\t\tcolor: ;\n\t\t}\n\t\t#thb-counter-27 svg path,\n\t\t#thb-counter-27 svg circle,\n\t\t#thb-counter-27 rect,\n\t\t#thb-counter-27 svg ellipse {\n\t\t\tstroke: ;\n\t\t}\n\t\t#thb-counter-27 .number {\n\t\t\tcolor: ;\n\t\t}\n\t\t<\/style>\n\t\t\t\t<div class=\"number\" data-count=\"250\" data-speed=\"2000\">0<\/div>\n\t\t<h6>employ\u00e9s<\/h6>\n\t\t\t\t<div>qui donnent le meilleur d&rsquo;eux-m\u00eames<\/div>\n\t\t\t<\/div>\n\t[\/vc_column_inner][vc_column_inner width=\u00a0\u00bb1\/6&Prime;]\t<div class=\"thb-counter\" id=\"thb-counter-32\">\n\t\t<style>\n\t\t#thb-counter-32 .odometer.odometer-auto-theme.odometer-animating-up .odometer-ribbon-inner,\n\t\t#thb-counter-32 .odometer.odometer-theme-minimal.odometer-animating-up .odometer-ribbon-inner {\n\t\t\ttransition: transform 2s;\n\t\t}\n\t\t#thb-counter-32 figure {\n\t\t\tcolor: ;\n\t\t}\n\t\t#thb-counter-32 svg path,\n\t\t#thb-counter-32 svg circle,\n\t\t#thb-counter-32 rect,\n\t\t#thb-counter-32 svg ellipse {\n\t\t\tstroke: ;\n\t\t}\n\t\t#thb-counter-32 .number {\n\t\t\tcolor: ;\n\t\t}\n\t\t<\/style>\n\t\t\t\t<div class=\"number\" data-count=\"10000\" data-speed=\"2000\">0<\/div>\n\t\t<h6>m\u00e8tres carr\u00e9s<\/h6>\n\t\t\t\t<div>de surface de production<\/div>\n\t\t\t<\/div>\n\t[\/vc_column_inner][vc_column_inner width=\u00a0\u00bb1\/6&Prime;][\/vc_column_inner][\/vc_row_inner][\/vc_column][\/vc_row][vc_row thb_full_width=\u00a0\u00bbtrue\u00a0\u00bb thb_row_padding=\u00a0\u00bbtrue\u00a0\u00bb content_placement=\u00a0\u00bbmiddle\u00a0\u00bb][vc_column width=\u00a0\u00bb2\/3&Prime;][vc_column_text css=\u00a0\u00bb.vc_custom_1556632625351{padding-top: 5% !important;padding-right: 15% !important;padding-bottom: 5% !important;padding-left: 15% !important;}\u00a0\u00bb]\n<h1 class=\"uppercase borderLine \"><span class=\"bg\">Moderne.<br \/>\n<\/span><span class=\"bg\">Novatrice.<br \/>\n<\/span><span class=\"bg\">Soci\u00e9t\u00e9 familiale.<\/span><\/h1>\n<p>La soci\u00e9t\u00e9 Theodor Rietmann GmbH est une entreprise familiale de taille moyenne \u2013 cela n\u2019a pas chang\u00e9 depuis sa cr\u00e9ation, en 1967. Elle dispose de deux sites de production couvrant une superficie totale de 10\u00a0000\u00a0m\u00b2. Tous les produits commercialis\u00e9s par la maison RIETMANN font l\u2019objet de contr\u00f4les en laboratoire r\u00e9guliers et b\u00e9n\u00e9ficient d\u2019une garantie d\u2019utilisation \u00e0 100\u00a0% et d\u2019une s\u00e9curit\u00e9 de transformation \u00e9lev\u00e9e, ainsi que d\u2019une gestion fiable de la qualit\u00e9. Gr\u00e2ce \u00e0 nos 50 ans d\u2019exp\u00e9rience, nous pouvons nous targuer d\u2019\u00eatre pour vous des partenaires professionnels, fiables et efficaces. L\u2019\u00e9quipe Rietmann, compos\u00e9e de plus de 200 collaborateurs, donne chaque jour le meilleur d\u2019elle-m\u00eame.<\/p>\n<p>Nous livrons dans le monde entier des produits de grande qualit\u00e9 \u00e0 nos clients, que ce soit directement ou par le biais de nos partenaires de distribution. Notre gamme de produits comprend une grande s\u00e9lection de pr\u00e9parations pour pains et g\u00e2teaux faciles \u00e0 utiliser, d\u2019inspiration tant europ\u00e9enne qu\u2019internationale. Nous proposons aussi des m\u00e9langes sur mesure con\u00e7us sp\u00e9cialement pour nos clients. Le poids et le mat\u00e9riau de l\u2019emballage peuvent ainsi varier en fonction des souhaits du client.[\/vc_column_text][\/vc_column][vc_column fixed=\u00a0\u00bbthb-fixed\u00a0\u00bb width=\u00a0\u00bb1\/3&Prime;][vc_single_image image=\u00a0\u00bb845&Prime; img_size=\u00a0\u00bblarge\u00a0\u00bb css=\u00a0\u00bb.vc_custom_1545117428137{padding-top: 5% !important;padding-right: 15% !important;padding-bottom: 5% !important;}\u00a0\u00bb][vc_empty_space css=\u00a0\u00bb.vc_custom_1544795792128{padding-right: 15% !important;padding-bottom: 5% !important;}\u00a0\u00bb][\/vc_column][\/vc_row][vc_section parallax=\u00a0\u00bbcontent-moving\u00a0\u00bb parallax_image=\u00a0\u00bb20952&Prime;][vc_row css=\u00a0\u00bb.vc_custom_1738326233244{padding-top: 60px !important;padding-bottom: 60px !important;}\u00a0\u00bb][vc_column width=\u00a0\u00bb1\/3&Prime;]\t<div id=\"thb-image-69f0dadb7625d\" class=\"caption-style1  alignleft   thb_image_link wp-caption \">\n\t  \t\t\t<div class=\"thb-image-inner size_100\">\n\t\t\t\t<img loading=\"lazy\" decoding=\"async\" width=\"1024\" height=\"768\" src=\"data:image\/gif;base64,R0lGODlhAQABAAAAACH5BAEKAAEALAAAAAABAAEAAAICTAEAOw==\" class=\"thb_image   attachment-large thb-lazyload lazyload\" alt=\"\" sizes=\"auto, (max-width: 1024px) 100vw, 1024px\" data-src=\"https:\/\/www.rietmann.de\/wp-content\/uploads\/2025\/01\/zertifizierung.png\" data-sizes=\"auto\" data-srcset=\"https:\/\/www.rietmann.de\/wp-content\/uploads\/2025\/01\/zertifizierung.png 1024w, https:\/\/www.rietmann.de\/wp-content\/uploads\/2025\/01\/zertifizierung-300x225.png 300w, https:\/\/www.rietmann.de\/wp-content\/uploads\/2025\/01\/zertifizierung-768x576.png 768w, https:\/\/www.rietmann.de\/wp-content\/uploads\/2025\/01\/zertifizierung-150x113.png 150w, https:\/\/www.rietmann.de\/wp-content\/uploads\/2025\/01\/zertifizierung-600x450.png 600w, https:\/\/www.rietmann.de\/wp-content\/uploads\/2025\/01\/zertifizierung-900x675.png 900w, https:\/\/www.rietmann.de\/wp-content\/uploads\/2025\/01\/zertifizierung-20x16.png 20w\" \/>\t\t\t\t\t\t\t<\/div>\n\t\t\t\t\t\t\t\t\t<\/div>\n\t[\/vc_column][vc_column width=\u00a0\u00bb2\/3&Prime;][vc_column_text css=\u00a0\u00bb.vc_custom_1738672203539{padding-bottom: 20px !important;}\u00a0\u00bb]\n<h2 class=\"borderLine \">Certifi\u00e9 bon !<\/h2>\n<p>RIETMANN satisfait aux normes internationales depuis de nombreuses ann\u00e9es. Les certifications annuelles IFS ainsi que les certifications dans le domaine bio sont depuis longtemps une \u00e9vidence.<br \/>\nNos produits sans gluten sont fabriqu\u00e9s dans le strict respect de la norme AOECS et r\u00e9pondent ainsi aux exigences de la Soci\u00e9t\u00e9 allemande pour la maladie c\u0153liaque.<br \/>\nNous r\u00e9pondons \u00e9galement, dans la mesure du possible, aux demandes d&rsquo;audits et de certifications de nos clients.[\/vc_column_text]\t<a class=\"btn  style6 animation left-to-right \" href=\"https:\/\/www.rietmann.de\/wp-content\/uploads\/2025\/08\/IFS-Rietmann_20.08.2026_EN.pdf\" target=\"_blank\" role=\"button\" title=\"Download IFS certificat\"><span>Download IFS certificat<\/span><\/a>\n\n\t[vc_empty_space height=\u00a0\u00bb20px\u00a0\u00bb]\t<a class=\"btn  style6 animation left-to-right \" href=\"https:\/\/www.rietmann.de\/wp-content\/uploads\/2025\/08\/Bio-Rietmann_31.01.2027_EN.pdf\" target=\"_blank\" role=\"button\" title=\"Download BIO certificat\"><span>Download BIO certificat<\/span><\/a>\n\n\t[\/vc_column][\/vc_row][\/vc_section]","protected":false},"excerpt":{"rendered":"<p>[vc_row thb_full_width=\u00a0\u00bbtrue\u00a0\u00bb thb_row_padding=\u00a0\u00bbtrue\u00a0\u00bb full_height=\u00a0\u00bbtrue\u00a0\u00bb content_placement=\u00a0\u00bbmiddle\u00a0\u00bb parallax=\u00a0\u00bbcontent-moving-fade\u00a0\u00bb mouse_scroll=\u00a0\u00bbtrue\u00a0\u00bb css=\u00a0\u00bb.vc_custom_1550741300442{background-color: #cc5b39 !important;background-position: center;background-repeat: no-repeat !important;background-size: cover !important;}\u00a0\u00bb][vc_column thb_color=\u00a0\u00bbthb-light-column\u00a0\u00bb el_class=\u00a0\u00bbtext-center\u00a0\u00bb][vc_column_text] Nous sommes Rietmann RIETMANN n&rsquo;est pas seulement sp\u00e9cialis\u00e9 dans les pr\u00e9mixes classiques, mais aussi dans les m\u00e9langes de mati\u00e8res premi\u00e8res sur mesure dans le secteur de la boulangerie. Depuis longtemps, nous sommes parmi les meilleurs de notre secteur.&hellip;<\/p>\n","protected":false},"author":1,"featured_media":845,"parent":0,"menu_order":0,"comment_status":"closed","ping_status":"closed","template":"","meta":{"_monsterinsights_skip_tracking":false,"_monsterinsights_sitenote_active":false,"_monsterinsights_sitenote_note":"","_monsterinsights_sitenote_category":0,"footnotes":""},"class_list":["post-583","page","type-page","status-publish","has-post-thumbnail","hentry"],"yoast_head":"<!-- This site is optimized with the Yoast SEO Premium plugin v19.6 (Yoast SEO v27.0) - https:\/\/yoast.com\/product\/yoast-seo-premium-wordpress\/ -->\n<title>\u00dcber uns<\/title>\n<meta name=\"description\" content=\"Rietmann - das sind wir: \u00fcber 50 Jahre Know-How, rund 200 Mitarbeiter, die t\u00e4glich ihr Bestes geben und 10.000 qm Produktionsfl\u00e4che.\" \/>\n<meta name=\"robots\" content=\"index, follow, max-snippet:-1, max-image-preview:large, max-video-preview:-1\" \/>\n<link rel=\"canonical\" href=\"https:\/\/www.rietmann.de\/ueber-uns\/\" \/>\n<meta property=\"og:locale\" content=\"fr_FR\" \/>\n<meta property=\"og:type\" content=\"article\" \/>\n<meta property=\"og:title\" content=\"[:de]Das sind wir![:en]This is us![:fr]Ca c\u2019est nous![:es]\u00a1Eso es lo que somos![:]\" \/>\n<meta property=\"og:description\" content=\"Rietmann - das sind wir: \u00fcber 50 Jahre Know-How, rund 200 Mitarbeiter, die t\u00e4glich ihr Bestes geben und 10.000 qm Produktionsfl\u00e4che.\" \/>\n<meta property=\"og:url\" content=\"https:\/\/www.rietmann.de\/ueber-uns\/\" \/>\n<meta property=\"og:site_name\" content=\"Theodor Rietmann GmbH\" \/>\n<meta property=\"article:publisher\" content=\"https:\/\/www.facebook.com\/rietmanngermany\" \/>\n<meta property=\"article:modified_time\" content=\"2025-08-20T10:45:03+00:00\" \/>\n<meta property=\"og:image\" content=\"https:\/\/www.rietmann.de\/wp-content\/uploads\/2018\/12\/Foto-Muehle-web-1024x614.jpg\" \/>\n\t<meta property=\"og:image:width\" content=\"1024\" \/>\n\t<meta property=\"og:image:height\" content=\"614\" \/>\n\t<meta property=\"og:image:type\" content=\"image\/jpeg\" \/>\n<meta name=\"twitter:card\" content=\"summary_large_image\" \/>\n<meta name=\"twitter:label1\" content=\"Dur\u00e9e de lecture estim\u00e9e\" \/>\n\t<meta name=\"twitter:data1\" content=\"2 minutes\" \/>\n<script type=\"application\/ld+json\" class=\"yoast-schema-graph\">{\"@context\":\"https:\/\/schema.org\",\"@graph\":[{\"@type\":\"WebPage\",\"@id\":\"https:\/\/www.rietmann.de\/ueber-uns\/\",\"url\":\"https:\/\/www.rietmann.de\/ueber-uns\/\",\"name\":\"\u00dcber uns\",\"isPartOf\":{\"@id\":\"https:\/\/www.rietmann.de\/#website\"},\"primaryImageOfPage\":{\"@id\":\"https:\/\/www.rietmann.de\/ueber-uns\/#primaryimage\"},\"image\":{\"@id\":\"https:\/\/www.rietmann.de\/ueber-uns\/#primaryimage\"},\"thumbnailUrl\":\"https:\/\/www.rietmann.de\/wp-content\/uploads\/2018\/12\/Foto-Muehle-web.jpg\",\"datePublished\":\"2018-12-13T10:17:32+00:00\",\"dateModified\":\"2025-08-20T10:45:03+00:00\",\"description\":\"Rietmann - das sind wir: \u00fcber 50 Jahre Know-How, rund 200 Mitarbeiter, die t\u00e4glich ihr Bestes geben und 10.000 qm Produktionsfl\u00e4che.\",\"breadcrumb\":{\"@id\":\"https:\/\/www.rietmann.de\/ueber-uns\/#breadcrumb\"},\"inLanguage\":\"fr-FR\",\"potentialAction\":[{\"@type\":\"ReadAction\",\"target\":[\"https:\/\/www.rietmann.de\/ueber-uns\/\"]}]},{\"@type\":\"ImageObject\",\"inLanguage\":\"fr-FR\",\"@id\":\"https:\/\/www.rietmann.de\/ueber-uns\/#primaryimage\",\"url\":\"https:\/\/www.rietmann.de\/wp-content\/uploads\/2018\/12\/Foto-Muehle-web.jpg\",\"contentUrl\":\"https:\/\/www.rietmann.de\/wp-content\/uploads\/2018\/12\/Foto-Muehle-web.jpg\",\"width\":3500,\"height\":2100,\"caption\":\"Einfahrt zur Kapellenm\u00fchle, dem Hauptsitz der Theodor Rietmann GmbH\"},{\"@type\":\"BreadcrumbList\",\"@id\":\"https:\/\/www.rietmann.de\/ueber-uns\/#breadcrumb\",\"itemListElement\":[{\"@type\":\"ListItem\",\"position\":1,\"name\":\"Startseite\",\"item\":\"https:\/\/www.rietmann.de\/\"},{\"@type\":\"ListItem\",\"position\":2,\"name\":\"Das sind wir!\"}]},{\"@type\":\"WebSite\",\"@id\":\"https:\/\/www.rietmann.de\/#website\",\"url\":\"https:\/\/www.rietmann.de\/\",\"name\":\"Theodor Rietmann GmbH\",\"description\":\"\",\"potentialAction\":[{\"@type\":\"SearchAction\",\"target\":{\"@type\":\"EntryPoint\",\"urlTemplate\":\"https:\/\/www.rietmann.de\/?s={search_term_string}\"},\"query-input\":{\"@type\":\"PropertyValueSpecification\",\"valueRequired\":true,\"valueName\":\"search_term_string\"}}],\"inLanguage\":\"fr-FR\"}]}<\/script>\n<!-- \/ Yoast SEO Premium plugin. -->","yoast_head_json":{"title":"\u00dcber uns","description":"Rietmann - das sind wir: \u00fcber 50 Jahre Know-How, rund 200 Mitarbeiter, die t\u00e4glich ihr Bestes geben und 10.000 qm Produktionsfl\u00e4che.","robots":{"index":"index","follow":"follow","max-snippet":"max-snippet:-1","max-image-preview":"max-image-preview:large","max-video-preview":"max-video-preview:-1"},"canonical":"https:\/\/www.rietmann.de\/ueber-uns\/","og_locale":"fr_FR","og_type":"article","og_title":"[:de]Das sind wir![:en]This is us![:fr]Ca c\u2019est nous![:es]\u00a1Eso es lo que somos![:]","og_description":"Rietmann - das sind wir: \u00fcber 50 Jahre Know-How, rund 200 Mitarbeiter, die t\u00e4glich ihr Bestes geben und 10.000 qm Produktionsfl\u00e4che.","og_url":"https:\/\/www.rietmann.de\/ueber-uns\/","og_site_name":"Theodor Rietmann GmbH","article_publisher":"https:\/\/www.facebook.com\/rietmanngermany","article_modified_time":"2025-08-20T10:45:03+00:00","og_image":[{"width":1024,"height":614,"url":"https:\/\/www.rietmann.de\/wp-content\/uploads\/2018\/12\/Foto-Muehle-web-1024x614.jpg","type":"image\/jpeg"}],"twitter_card":"summary_large_image","twitter_misc":{"Dur\u00e9e de lecture estim\u00e9e":"2 minutes"},"schema":{"@context":"https:\/\/schema.org","@graph":[{"@type":"WebPage","@id":"https:\/\/www.rietmann.de\/ueber-uns\/","url":"https:\/\/www.rietmann.de\/ueber-uns\/","name":"\u00dcber uns","isPartOf":{"@id":"https:\/\/www.rietmann.de\/#website"},"primaryImageOfPage":{"@id":"https:\/\/www.rietmann.de\/ueber-uns\/#primaryimage"},"image":{"@id":"https:\/\/www.rietmann.de\/ueber-uns\/#primaryimage"},"thumbnailUrl":"https:\/\/www.rietmann.de\/wp-content\/uploads\/2018\/12\/Foto-Muehle-web.jpg","datePublished":"2018-12-13T10:17:32+00:00","dateModified":"2025-08-20T10:45:03+00:00","description":"Rietmann - das sind wir: \u00fcber 50 Jahre Know-How, rund 200 Mitarbeiter, die t\u00e4glich ihr Bestes geben und 10.000 qm Produktionsfl\u00e4che.","breadcrumb":{"@id":"https:\/\/www.rietmann.de\/ueber-uns\/#breadcrumb"},"inLanguage":"fr-FR","potentialAction":[{"@type":"ReadAction","target":["https:\/\/www.rietmann.de\/ueber-uns\/"]}]},{"@type":"ImageObject","inLanguage":"fr-FR","@id":"https:\/\/www.rietmann.de\/ueber-uns\/#primaryimage","url":"https:\/\/www.rietmann.de\/wp-content\/uploads\/2018\/12\/Foto-Muehle-web.jpg","contentUrl":"https:\/\/www.rietmann.de\/wp-content\/uploads\/2018\/12\/Foto-Muehle-web.jpg","width":3500,"height":2100,"caption":"Einfahrt zur Kapellenm\u00fchle, dem Hauptsitz der Theodor Rietmann GmbH"},{"@type":"BreadcrumbList","@id":"https:\/\/www.rietmann.de\/ueber-uns\/#breadcrumb","itemListElement":[{"@type":"ListItem","position":1,"name":"Startseite","item":"https:\/\/www.rietmann.de\/"},{"@type":"ListItem","position":2,"name":"Das sind wir!"}]},{"@type":"WebSite","@id":"https:\/\/www.rietmann.de\/#website","url":"https:\/\/www.rietmann.de\/","name":"Theodor Rietmann GmbH","description":"","potentialAction":[{"@type":"SearchAction","target":{"@type":"EntryPoint","urlTemplate":"https:\/\/www.rietmann.de\/?s={search_term_string}"},"query-input":{"@type":"PropertyValueSpecification","valueRequired":true,"valueName":"search_term_string"}}],"inLanguage":"fr-FR"}]}},"_links":{"self":[{"href":"https:\/\/www.rietmann.de\/fr\/wp-json\/wp\/v2\/pages\/583","targetHints":{"allow":["GET"]}}],"collection":[{"href":"https:\/\/www.rietmann.de\/fr\/wp-json\/wp\/v2\/pages"}],"about":[{"href":"https:\/\/www.rietmann.de\/fr\/wp-json\/wp\/v2\/types\/page"}],"author":[{"embeddable":true,"href":"https:\/\/www.rietmann.de\/fr\/wp-json\/wp\/v2\/users\/1"}],"replies":[{"embeddable":true,"href":"https:\/\/www.rietmann.de\/fr\/wp-json\/wp\/v2\/comments?post=583"}],"version-history":[{"count":138,"href":"https:\/\/www.rietmann.de\/fr\/wp-json\/wp\/v2\/pages\/583\/revisions"}],"predecessor-version":[{"id":21520,"href":"https:\/\/www.rietmann.de\/fr\/wp-json\/wp\/v2\/pages\/583\/revisions\/21520"}],"wp:featuredmedia":[{"embeddable":true,"href":"https:\/\/www.rietmann.de\/fr\/wp-json\/wp\/v2\/media\/845"}],"wp:attachment":[{"href":"https:\/\/www.rietmann.de\/fr\/wp-json\/wp\/v2\/media?parent=583"}],"curies":[{"name":"wp","href":"https:\/\/api.w.org\/{rel}","templated":true}]}}