{"id":1263,"date":"2019-02-08T09:10:03","date_gmt":"2019-02-08T09:10:03","guid":{"rendered":"http:\/\/rietmannwelten.mona.z6c.de\/?page_id=1263"},"modified":"2025-08-20T09:34:53","modified_gmt":"2025-08-20T07:34:53","slug":"certificates","status":"publish","type":"page","link":"https:\/\/www.rietmann.de\/fr\/certificates\/","title":{"rendered":"Certificats"},"content":{"rendered":"[vc_row thb_full_width=\u00a0\u00bbtrue\u00a0\u00bb thb_row_padding=\u00a0\u00bbtrue\u00a0\u00bb full_height=\u00a0\u00bbtrue\u00a0\u00bb content_placement=\u00a0\u00bbmiddle\u00a0\u00bb parallax=\u00a0\u00bbcontent-moving-fade\u00a0\u00bb css=\u00a0\u00bb.vc_custom_1546415382618{background-color: #cc5b39 !important;background-position: center;background-repeat: no-repeat !important;background-size: cover !important;}\u00a0\u00bb][vc_column thb_color=\u00a0\u00bbthb-light-column\u00a0\u00bb el_class=\u00a0\u00bbtext-center\u00a0\u00bb][vc_column_text]\n<h2 style=\"text-align: center;\">CERTIFICATIONS<\/h2>\n<h4 style=\"text-align: center;\">Depuis de beaucoup d\u2019ann\u00e9es RIETMANN est conforme aux normes internationales.<br \/>\nLes certifications annuelles de l&rsquo;IFS ainsi que les certifications dans le secteur biologique sont depuis longtemps une obligation pour nous.<br \/>\nNos produits sans gluten sont fabriqu\u00e9s strictement selon la norme AOECS et correspondent ainsi aux exigences de la Soci\u00e9t\u00e9 allemande pour la maladie coeliaque.<br \/>\nNous vous offrons des audits et des certifications \u00e0 votre demande.<\/h4>\n[\/vc_column_text][\/vc_column][\/vc_row][vc_row thb_full_width=\u00a0\u00bbtrue\u00a0\u00bb][vc_column width=\u00a0\u00bb1\/2&Prime;][vc_empty_space][vc_column_text]\n<h3>Certificat IFS<\/h3>\n<div><\/div>\n[\/vc_column_text][vc_single_image image=\u00a0\u00bb20492&Prime; img_size=\u00a0\u00bblarge\u00a0\u00bb][vc_empty_space]\t<a class=\"btn-text   style3\" href=\"https:\/\/www.rietmann.de\/wp-content\/uploads\/2025\/08\/IFS-Rietmann_20.08.2026_EN.pdf\" target=\"_blank\" role=\"button\" title=\"Certificat IFS Download\">\n\t\t\t\t\t\t \t\t<strong class=\"circle-btn\"><\/strong><span>Certificat IFS Download<\/span>\n\t\t\t\t<\/a>\n\n\t[\/vc_column][vc_column width=\u00a0\u00bb1\/2&Prime;][vc_empty_space][vc_column_text]\n<h3>Certificat BIO<\/h3>\n<div><\/div>\n[\/vc_column_text][vc_single_image image=\u00a0\u00bb20146&Prime; img_size=\u00a0\u00bblarge\u00a0\u00bb][vc_empty_space]\t<a class=\"btn-text   style3\" href=\"https:\/\/www.rietmann.de\/wp-content\/uploads\/2024\/01\/Bio-Zertifikat-Rietmann_31.01.2025_DE.pdf\" target=\"_blank\" role=\"button\" title=\"Certificat BIO Download\">\n\t\t\t\t\t\t \t\t<strong class=\"circle-btn\"><\/strong><span>Certificat BIO Download<\/span>\n\t\t\t\t<\/a>\n\n\t[\/vc_column][\/vc_row]","protected":false},"excerpt":{"rendered":"<p>[vc_row thb_full_width=\u00a0\u00bbtrue\u00a0\u00bb thb_row_padding=\u00a0\u00bbtrue\u00a0\u00bb full_height=\u00a0\u00bbtrue\u00a0\u00bb content_placement=\u00a0\u00bbmiddle\u00a0\u00bb parallax=\u00a0\u00bbcontent-moving-fade\u00a0\u00bb css=\u00a0\u00bb.vc_custom_1546415382618{background-color: #cc5b39 !important;background-position: center;background-repeat: no-repeat !important;background-size: cover !important;}\u00a0\u00bb][vc_column thb_color=\u00a0\u00bbthb-light-column\u00a0\u00bb el_class=\u00a0\u00bbtext-center\u00a0\u00bb][vc_column_text] CERTIFICATIONS Depuis de beaucoup d\u2019ann\u00e9es RIETMANN est conforme aux normes internationales. Les certifications annuelles de l&rsquo;IFS ainsi que les certifications dans le secteur biologique sont depuis longtemps une obligation pour nous. Nos produits sans gluten sont fabriqu\u00e9s strictement selon&hellip;<\/p>\n","protected":false},"author":1,"featured_media":845,"parent":0,"menu_order":0,"comment_status":"closed","ping_status":"closed","template":"","meta":{"_monsterinsights_skip_tracking":false,"_monsterinsights_sitenote_active":false,"_monsterinsights_sitenote_note":"","_monsterinsights_sitenote_category":0,"footnotes":""},"class_list":["post-1263","page","type-page","status-publish","has-post-thumbnail","hentry"],"yoast_head":"<!-- This site is optimized with the Yoast SEO Premium plugin v19.6 (Yoast SEO v27.0) - https:\/\/yoast.com\/product\/yoast-seo-premium-wordpress\/ -->\n<title>Zertifikate bei Rietmann<\/title>\n<meta name=\"robots\" content=\"index, follow, max-snippet:-1, max-image-preview:large, max-video-preview:-1\" \/>\n<link rel=\"canonical\" href=\"https:\/\/www.rietmann.de\/certificates\/\" \/>\n<meta property=\"og:locale\" content=\"fr_FR\" \/>\n<meta property=\"og:type\" content=\"article\" \/>\n<meta property=\"og:title\" content=\"[:de]Zertifikate[:en]certificates[:fr]Certificats[:es]Certificaciones[:]\" \/>\n<meta property=\"og:description\" content=\"[vc_row thb_full_width=\u00a0\u00bbtrue\u00a0\u00bb thb_row_padding=\u00a0\u00bbtrue\u00a0\u00bb full_height=\u00a0\u00bbtrue\u00a0\u00bb content_placement=\u00a0\u00bbmiddle\u00a0\u00bb parallax=\u00a0\u00bbcontent-moving-fade\u00a0\u00bb css=\u00a0\u00bb.vc_custom_1546415382618{background-color: #cc5b39 !important;background-position: center;background-repeat: no-repeat !important;background-size: cover !important;}\u00a0\u00bb][vc_column thb_color=\u00a0\u00bbthb-light-column\u00a0\u00bb el_class=\u00a0\u00bbtext-center\u00a0\u00bb][vc_column_text] CERTIFICATIONS Depuis de beaucoup d\u2019ann\u00e9es RIETMANN est conforme aux normes internationales. Les certifications annuelles de l&rsquo;IFS ainsi que les certifications dans le secteur biologique sont depuis longtemps une obligation pour nous. Nos produits sans gluten sont fabriqu\u00e9s strictement selon&hellip;\" \/>\n<meta property=\"og:url\" content=\"https:\/\/www.rietmann.de\/certificates\/\" \/>\n<meta property=\"og:site_name\" content=\"Theodor Rietmann GmbH\" \/>\n<meta property=\"article:publisher\" content=\"https:\/\/www.facebook.com\/rietmanngermany\" \/>\n<meta property=\"article:modified_time\" content=\"2025-08-20T07:34:53+00:00\" \/>\n<meta property=\"og:image\" content=\"https:\/\/www.rietmann.de\/wp-content\/uploads\/2018\/12\/Foto-Muehle-web-1024x614.jpg\" \/>\n\t<meta property=\"og:image:width\" content=\"1024\" \/>\n\t<meta property=\"og:image:height\" content=\"614\" \/>\n\t<meta property=\"og:image:type\" content=\"image\/jpeg\" \/>\n<meta name=\"twitter:card\" content=\"summary_large_image\" \/>\n<meta name=\"twitter:label1\" content=\"Dur\u00e9e de lecture estim\u00e9e\" \/>\n\t<meta name=\"twitter:data1\" content=\"1 minute\" \/>\n<script type=\"application\/ld+json\" class=\"yoast-schema-graph\">{\"@context\":\"https:\/\/schema.org\",\"@graph\":[{\"@type\":\"WebPage\",\"@id\":\"https:\/\/www.rietmann.de\/certificates\/\",\"url\":\"https:\/\/www.rietmann.de\/certificates\/\",\"name\":\"Zertifikate bei Rietmann\",\"isPartOf\":{\"@id\":\"https:\/\/www.rietmann.de\/#website\"},\"primaryImageOfPage\":{\"@id\":\"https:\/\/www.rietmann.de\/certificates\/#primaryimage\"},\"image\":{\"@id\":\"https:\/\/www.rietmann.de\/certificates\/#primaryimage\"},\"thumbnailUrl\":\"https:\/\/www.rietmann.de\/wp-content\/uploads\/2018\/12\/Foto-Muehle-web.jpg\",\"datePublished\":\"2019-02-08T09:10:03+00:00\",\"dateModified\":\"2025-08-20T07:34:53+00:00\",\"breadcrumb\":{\"@id\":\"https:\/\/www.rietmann.de\/certificates\/#breadcrumb\"},\"inLanguage\":\"fr-FR\",\"potentialAction\":[{\"@type\":\"ReadAction\",\"target\":[\"https:\/\/www.rietmann.de\/certificates\/\"]}]},{\"@type\":\"ImageObject\",\"inLanguage\":\"fr-FR\",\"@id\":\"https:\/\/www.rietmann.de\/certificates\/#primaryimage\",\"url\":\"https:\/\/www.rietmann.de\/wp-content\/uploads\/2018\/12\/Foto-Muehle-web.jpg\",\"contentUrl\":\"https:\/\/www.rietmann.de\/wp-content\/uploads\/2018\/12\/Foto-Muehle-web.jpg\",\"width\":3500,\"height\":2100,\"caption\":\"Einfahrt zur Kapellenm\u00fchle, dem Hauptsitz der Theodor Rietmann GmbH\"},{\"@type\":\"BreadcrumbList\",\"@id\":\"https:\/\/www.rietmann.de\/certificates\/#breadcrumb\",\"itemListElement\":[{\"@type\":\"ListItem\",\"position\":1,\"name\":\"Startseite\",\"item\":\"https:\/\/www.rietmann.de\/\"},{\"@type\":\"ListItem\",\"position\":2,\"name\":\"Zertifikate\"}]},{\"@type\":\"WebSite\",\"@id\":\"https:\/\/www.rietmann.de\/#website\",\"url\":\"https:\/\/www.rietmann.de\/\",\"name\":\"Theodor Rietmann GmbH\",\"description\":\"\",\"potentialAction\":[{\"@type\":\"SearchAction\",\"target\":{\"@type\":\"EntryPoint\",\"urlTemplate\":\"https:\/\/www.rietmann.de\/?s={search_term_string}\"},\"query-input\":{\"@type\":\"PropertyValueSpecification\",\"valueRequired\":true,\"valueName\":\"search_term_string\"}}],\"inLanguage\":\"fr-FR\"}]}<\/script>\n<!-- \/ Yoast SEO Premium plugin. -->","yoast_head_json":{"title":"Zertifikate bei Rietmann","robots":{"index":"index","follow":"follow","max-snippet":"max-snippet:-1","max-image-preview":"max-image-preview:large","max-video-preview":"max-video-preview:-1"},"canonical":"https:\/\/www.rietmann.de\/certificates\/","og_locale":"fr_FR","og_type":"article","og_title":"[:de]Zertifikate[:en]certificates[:fr]Certificats[:es]Certificaciones[:]","og_description":"[vc_row thb_full_width=\u00a0\u00bbtrue\u00a0\u00bb thb_row_padding=\u00a0\u00bbtrue\u00a0\u00bb full_height=\u00a0\u00bbtrue\u00a0\u00bb content_placement=\u00a0\u00bbmiddle\u00a0\u00bb parallax=\u00a0\u00bbcontent-moving-fade\u00a0\u00bb css=\u00a0\u00bb.vc_custom_1546415382618{background-color: #cc5b39 !important;background-position: center;background-repeat: no-repeat !important;background-size: cover !important;}\u00a0\u00bb][vc_column thb_color=\u00a0\u00bbthb-light-column\u00a0\u00bb el_class=\u00a0\u00bbtext-center\u00a0\u00bb][vc_column_text] CERTIFICATIONS Depuis de beaucoup d\u2019ann\u00e9es RIETMANN est conforme aux normes internationales. Les certifications annuelles de l&rsquo;IFS ainsi que les certifications dans le secteur biologique sont depuis longtemps une obligation pour nous. Nos produits sans gluten sont fabriqu\u00e9s strictement selon&hellip;","og_url":"https:\/\/www.rietmann.de\/certificates\/","og_site_name":"Theodor Rietmann GmbH","article_publisher":"https:\/\/www.facebook.com\/rietmanngermany","article_modified_time":"2025-08-20T07:34:53+00:00","og_image":[{"width":1024,"height":614,"url":"https:\/\/www.rietmann.de\/wp-content\/uploads\/2018\/12\/Foto-Muehle-web-1024x614.jpg","type":"image\/jpeg"}],"twitter_card":"summary_large_image","twitter_misc":{"Dur\u00e9e de lecture estim\u00e9e":"1 minute"},"schema":{"@context":"https:\/\/schema.org","@graph":[{"@type":"WebPage","@id":"https:\/\/www.rietmann.de\/certificates\/","url":"https:\/\/www.rietmann.de\/certificates\/","name":"Zertifikate bei Rietmann","isPartOf":{"@id":"https:\/\/www.rietmann.de\/#website"},"primaryImageOfPage":{"@id":"https:\/\/www.rietmann.de\/certificates\/#primaryimage"},"image":{"@id":"https:\/\/www.rietmann.de\/certificates\/#primaryimage"},"thumbnailUrl":"https:\/\/www.rietmann.de\/wp-content\/uploads\/2018\/12\/Foto-Muehle-web.jpg","datePublished":"2019-02-08T09:10:03+00:00","dateModified":"2025-08-20T07:34:53+00:00","breadcrumb":{"@id":"https:\/\/www.rietmann.de\/certificates\/#breadcrumb"},"inLanguage":"fr-FR","potentialAction":[{"@type":"ReadAction","target":["https:\/\/www.rietmann.de\/certificates\/"]}]},{"@type":"ImageObject","inLanguage":"fr-FR","@id":"https:\/\/www.rietmann.de\/certificates\/#primaryimage","url":"https:\/\/www.rietmann.de\/wp-content\/uploads\/2018\/12\/Foto-Muehle-web.jpg","contentUrl":"https:\/\/www.rietmann.de\/wp-content\/uploads\/2018\/12\/Foto-Muehle-web.jpg","width":3500,"height":2100,"caption":"Einfahrt zur Kapellenm\u00fchle, dem Hauptsitz der Theodor Rietmann GmbH"},{"@type":"BreadcrumbList","@id":"https:\/\/www.rietmann.de\/certificates\/#breadcrumb","itemListElement":[{"@type":"ListItem","position":1,"name":"Startseite","item":"https:\/\/www.rietmann.de\/"},{"@type":"ListItem","position":2,"name":"Zertifikate"}]},{"@type":"WebSite","@id":"https:\/\/www.rietmann.de\/#website","url":"https:\/\/www.rietmann.de\/","name":"Theodor Rietmann GmbH","description":"","potentialAction":[{"@type":"SearchAction","target":{"@type":"EntryPoint","urlTemplate":"https:\/\/www.rietmann.de\/?s={search_term_string}"},"query-input":{"@type":"PropertyValueSpecification","valueRequired":true,"valueName":"search_term_string"}}],"inLanguage":"fr-FR"}]}},"_links":{"self":[{"href":"https:\/\/www.rietmann.de\/fr\/wp-json\/wp\/v2\/pages\/1263","targetHints":{"allow":["GET"]}}],"collection":[{"href":"https:\/\/www.rietmann.de\/fr\/wp-json\/wp\/v2\/pages"}],"about":[{"href":"https:\/\/www.rietmann.de\/fr\/wp-json\/wp\/v2\/types\/page"}],"author":[{"embeddable":true,"href":"https:\/\/www.rietmann.de\/fr\/wp-json\/wp\/v2\/users\/1"}],"replies":[{"embeddable":true,"href":"https:\/\/www.rietmann.de\/fr\/wp-json\/wp\/v2\/comments?post=1263"}],"version-history":[{"count":75,"href":"https:\/\/www.rietmann.de\/fr\/wp-json\/wp\/v2\/pages\/1263\/revisions"}],"predecessor-version":[{"id":21515,"href":"https:\/\/www.rietmann.de\/fr\/wp-json\/wp\/v2\/pages\/1263\/revisions\/21515"}],"wp:featuredmedia":[{"embeddable":true,"href":"https:\/\/www.rietmann.de\/fr\/wp-json\/wp\/v2\/media\/845"}],"wp:attachment":[{"href":"https:\/\/www.rietmann.de\/fr\/wp-json\/wp\/v2\/media?parent=1263"}],"curies":[{"name":"wp","href":"https:\/\/api.w.org\/{rel}","templated":true}]}}