{"id":583,"date":"2018-12-13T10:17:32","date_gmt":"2018-12-13T10:17:32","guid":{"rendered":"http:\/\/rietmannwelten.mona.z6c.de\/?page_id=583"},"modified":"2025-08-20T12:45:03","modified_gmt":"2025-08-20T10:45:03","slug":"ueber-uns","status":"publish","type":"page","link":"https:\/\/www.rietmann.de\/es\/ueber-uns\/","title":{"rendered":"\u00a1Eso es lo que somos!"},"content":{"rendered":"[vc_row thb_full_width=\u00bbtrue\u00bb thb_row_padding=\u00bbtrue\u00bb full_height=\u00bbtrue\u00bb content_placement=\u00bbmiddle\u00bb parallax=\u00bbcontent-moving-fade\u00bb mouse_scroll=\u00bbtrue\u00bb css=\u00bb.vc_custom_1738325490398{background-color: #a5b532 !important;background-position: center;background-repeat: no-repeat;background-size: cover !important;}\u00bb][vc_column thb_color=\u00bbthb-light-column\u00bb el_class=\u00bbtext-center\u00bb][vc_column_text]\n<h1 style=\"color: #ffffff; text-align: center;\">SOMOS RIETMANN<\/h1>\n<p style=\"color: #ffffff; text-align: center;\">Adem\u00e1s de las premezclas cl\u00e1sicas, RIETMANN destaca sobre todo por las mezclas de materias primas a medida para el sector de los productos horneados.<\/p>\n<p style=\"color: #ffffff; text-align: center;\">Estamos entre los mejores de este sector desde hace mucho tiempo. Los grandes fabricantes de renombre de marcas nacionales e internacionales aprecian la capacidad de nuestra empresa.<br \/>\nTanto si se trata de pan artesanal o deliciosa boller\u00eda: nuestros amplios conocimientos combinados con la tecnolog\u00eda m\u00e1s avanzada brindan innovaciones que inspiran. Este es nuestro pan de cada d\u00eda.<\/p>\n[\/vc_column_text][vc_row_inner][vc_column_inner][vc_empty_space height=\u00bb80px\u00bb][\/vc_column_inner][\/vc_row_inner][vc_row_inner][vc_column_inner width=\u00bb1\/6&#8243;][\/vc_column_inner][vc_column_inner width=\u00bb1\/6&#8243;][vc_column_text]\n<h3>algunas cifras<\/h3>\n[\/vc_column_text][\/vc_column_inner][vc_column_inner width=\u00bb1\/6&#8243;]\t<div class=\"thb-counter\" id=\"thb-counter-21\">\n\t\t<style>\n\t\t#thb-counter-21 .odometer.odometer-auto-theme.odometer-animating-up .odometer-ribbon-inner,\n\t\t#thb-counter-21 .odometer.odometer-theme-minimal.odometer-animating-up .odometer-ribbon-inner {\n\t\t\ttransition: transform 2s;\n\t\t}\n\t\t#thb-counter-21 figure {\n\t\t\tcolor: ;\n\t\t}\n\t\t#thb-counter-21 svg path,\n\t\t#thb-counter-21 svg circle,\n\t\t#thb-counter-21 rect,\n\t\t#thb-counter-21 svg ellipse {\n\t\t\tstroke: ;\n\t\t}\n\t\t#thb-counter-21 .number {\n\t\t\tcolor: ;\n\t\t}\n\t\t<\/style>\n\t\t\t\t<div class=\"number\" data-count=\"58\" data-speed=\"2000\">0<\/div>\n\t\t<h6>a\u00f1os<\/h6>\n\t\t\t\t<div>Know How<\/div>\n\t\t\t<\/div>\n\t[\/vc_column_inner][vc_column_inner width=\u00bb1\/6&#8243;]\t<div class=\"thb-counter\" id=\"thb-counter-89\">\n\t\t<style>\n\t\t#thb-counter-89 .odometer.odometer-auto-theme.odometer-animating-up .odometer-ribbon-inner,\n\t\t#thb-counter-89 .odometer.odometer-theme-minimal.odometer-animating-up .odometer-ribbon-inner {\n\t\t\ttransition: transform 2s;\n\t\t}\n\t\t#thb-counter-89 figure {\n\t\t\tcolor: ;\n\t\t}\n\t\t#thb-counter-89 svg path,\n\t\t#thb-counter-89 svg circle,\n\t\t#thb-counter-89 rect,\n\t\t#thb-counter-89 svg ellipse {\n\t\t\tstroke: ;\n\t\t}\n\t\t#thb-counter-89 .number {\n\t\t\tcolor: ;\n\t\t}\n\t\t<\/style>\n\t\t\t\t<div class=\"number\" data-count=\"250\" data-speed=\"2000\">0<\/div>\n\t\t<h6>empleados<\/h6>\n\t\t\t\t<div>que dan lo mejor de s\u00ed mismos<\/div>\n\t\t\t<\/div>\n\t[\/vc_column_inner][vc_column_inner width=\u00bb1\/6&#8243;]\t<div class=\"thb-counter\" id=\"thb-counter-44\">\n\t\t<style>\n\t\t#thb-counter-44 .odometer.odometer-auto-theme.odometer-animating-up .odometer-ribbon-inner,\n\t\t#thb-counter-44 .odometer.odometer-theme-minimal.odometer-animating-up .odometer-ribbon-inner {\n\t\t\ttransition: transform 2s;\n\t\t}\n\t\t#thb-counter-44 figure {\n\t\t\tcolor: ;\n\t\t}\n\t\t#thb-counter-44 svg path,\n\t\t#thb-counter-44 svg circle,\n\t\t#thb-counter-44 rect,\n\t\t#thb-counter-44 svg ellipse {\n\t\t\tstroke: ;\n\t\t}\n\t\t#thb-counter-44 .number {\n\t\t\tcolor: ;\n\t\t}\n\t\t<\/style>\n\t\t\t\t<div class=\"number\" data-count=\"10000\" data-speed=\"2000\">0<\/div>\n\t\t<h6>Metro cuadrado<\/h6>\n\t\t\t\t<div>Planta de producci\u00f3n<\/div>\n\t\t\t<\/div>\n\t[\/vc_column_inner][vc_column_inner width=\u00bb1\/6&#8243;][\/vc_column_inner][\/vc_row_inner][\/vc_column][\/vc_row][vc_row thb_full_width=\u00bbtrue\u00bb thb_row_padding=\u00bbtrue\u00bb content_placement=\u00bbmiddle\u00bb css=\u00bb.vc_custom_1738325949742{padding-bottom: 40px !important;}\u00bb][vc_column width=\u00bb2\/3&#8243;][vc_column_text css=\u00bb.vc_custom_1738672258211{padding-top: 5% !important;padding-right: 15% !important;padding-bottom: 5% !important;padding-left: 15% !important;}\u00bb]\n<h1 class=\"uppercase borderLine \"><span class=\"bg\">Moderno.<br \/>\n<\/span><span class=\"bg\">Innovador.<br \/>\n<\/span><span class=\"bg\">Familiar.<\/span><\/h1>\n<p style=\"text-align: justify;\">Theodor Rietmann GmbH es un empresa familiar. Esto no ha cambiado desde su fundaci\u00f3n en 1967. La producci\u00f3n se lleva a cabo en dos plantas, con un total de 10 000 metros cuadrados. Detr\u00e1s de todos los productos de RIETMANN hay controles de laboratorio permanentes, una garant\u00eda de aplicaci\u00f3n del 100 %, as\u00ed como un alto nivel de seguridad de procesamiento y una s\u00f3lida gesti\u00f3n de la calidad.<br \/>\n50 a\u00f1os de experiencia nos convierten en un proveedor profesional, de confianza y fuerte a su lado. Y por \u00faltimo, pero no menos importante, el equipo de Rietmann, compuesto por m\u00e1s de 200 empleados, que se esfuerzan al m\u00e1ximo cada d\u00eda.<\/p>\n<p>Suministramos productos de alta calidad a clientes en todo el mundo, ya sea directamente o a trav\u00e9s de nuestros distribuidores. Nuestra gama de productos ofrece una amplia variedad de mezclas para hornear f\u00e1ciles de usar, tanto en Europa como a nivel internacional. Tambi\u00e9n ofrecemos mezclas a medida especialmente dise\u00f1adas para el cliente. El peso y el material del embalaje tambi\u00e9n pueden variar en funci\u00f3n de los deseos del cliente.[\/vc_column_text][\/vc_column][vc_column fixed=\u00bbthb-fixed\u00bb width=\u00bb1\/3&#8243;][vc_single_image image=\u00bb845&#8243; img_size=\u00bblarge\u00bb css_animation=\u00bbfadeIn\u00bb css=\u00bb.vc_custom_1738325644958{padding-top: 5% !important;padding-right: 15% !important;padding-bottom: 5% !important;}\u00bb][vc_empty_space css=\u00bb.vc_custom_1544795792128{padding-right: 15% !important;padding-bottom: 5% !important;}\u00bb][\/vc_column][\/vc_row][vc_section parallax=\u00bbcontent-moving\u00bb parallax_image=\u00bb20952&#8243;][vc_row css=\u00bb.vc_custom_1738326233244{padding-top: 60px !important;padding-bottom: 60px !important;}\u00bb][vc_column width=\u00bb1\/3&#8243;]\t<div id=\"thb-image-69f0c6917965f\" class=\"caption-style1  alignleft   thb_image_link wp-caption \">\n\t  \t\t\t<div class=\"thb-image-inner size_100\">\n\t\t\t\t<img loading=\"lazy\" decoding=\"async\" width=\"1024\" height=\"768\" src=\"data:image\/gif;base64,R0lGODlhAQABAAAAACH5BAEKAAEALAAAAAABAAEAAAICTAEAOw==\" class=\"thb_image   attachment-large thb-lazyload lazyload\" alt=\"\" sizes=\"auto, (max-width: 1024px) 100vw, 1024px\" data-src=\"https:\/\/www.rietmann.de\/wp-content\/uploads\/2025\/01\/zertifizierung.png\" data-sizes=\"auto\" data-srcset=\"https:\/\/www.rietmann.de\/wp-content\/uploads\/2025\/01\/zertifizierung.png 1024w, https:\/\/www.rietmann.de\/wp-content\/uploads\/2025\/01\/zertifizierung-300x225.png 300w, https:\/\/www.rietmann.de\/wp-content\/uploads\/2025\/01\/zertifizierung-768x576.png 768w, https:\/\/www.rietmann.de\/wp-content\/uploads\/2025\/01\/zertifizierung-150x113.png 150w, https:\/\/www.rietmann.de\/wp-content\/uploads\/2025\/01\/zertifizierung-600x450.png 600w, https:\/\/www.rietmann.de\/wp-content\/uploads\/2025\/01\/zertifizierung-900x675.png 900w, https:\/\/www.rietmann.de\/wp-content\/uploads\/2025\/01\/zertifizierung-20x16.png 20w\" \/>\t\t\t\t\t\t\t<\/div>\n\t\t\t\t\t\t\t\t\t<\/div>\n\t[\/vc_column][vc_column width=\u00bb2\/3&#8243;][vc_column_text css=\u00bb.vc_custom_1738672276039{padding-bottom: 20px !important;}\u00bb]\n<h2 class=\"borderLine \">Bien certificado<\/h2>\n<p>RIETMANN cumple las normas internacionales desde hace muchos a\u00f1os. Las certificaciones anuales de la IFS y las certificaciones en el sector ecol\u00f3gico son algo natural desde hace mucho tiempo.<br \/>\nNuestros productos sin gluten se elaboran estrictamente seg\u00fan la norma AOECS y, por tanto, cumplen los requisitos de la Sociedad Alemana de Cel\u00edacos.<br \/>\nLas auditor\u00edas y certificaciones a petici\u00f3n del cliente tambi\u00e9n se cumplen siempre que es posible.[\/vc_column_text]\t<a class=\"btn  style6 animation left-to-right \" href=\"https:\/\/www.rietmann.de\/wp-content\/uploads\/2025\/08\/IFS-Rietmann_20.08.2026_EN.pdf\" target=\"_blank\" role=\"button\" title=\"Download IFS certificado\"><span>Download IFS certificado<\/span><\/a>\n\n\t[vc_empty_space height=\u00bb20px\u00bb]\t<a class=\"btn  style6 animation left-to-right \" href=\"https:\/\/www.rietmann.de\/wp-content\/uploads\/2025\/08\/Bio-Rietmann_31.01.2027_EN.pdf\" target=\"_blank\" role=\"button\" title=\"Download BIO certificado\"><span>Download BIO certificado<\/span><\/a>\n\n\t[\/vc_column][\/vc_row][\/vc_section]","protected":false},"excerpt":{"rendered":"<p>[vc_row thb_full_width=\u00bbtrue\u00bb thb_row_padding=\u00bbtrue\u00bb full_height=\u00bbtrue\u00bb content_placement=\u00bbmiddle\u00bb parallax=\u00bbcontent-moving-fade\u00bb mouse_scroll=\u00bbtrue\u00bb css=\u00bb.vc_custom_1738325490398{background-color: #a5b532 !important;background-position: center;background-repeat: no-repeat;background-size: cover !important;}\u00bb][vc_column thb_color=\u00bbthb-light-column\u00bb el_class=\u00bbtext-center\u00bb][vc_column_text] SOMOS RIETMANN Adem\u00e1s de las premezclas cl\u00e1sicas, RIETMANN destaca sobre todo por las mezclas de materias primas a medida para el sector de los productos horneados. Estamos entre los mejores de este sector desde hace mucho tiempo. Los grandes&hellip;<\/p>\n","protected":false},"author":1,"featured_media":845,"parent":0,"menu_order":0,"comment_status":"closed","ping_status":"closed","template":"","meta":{"_monsterinsights_skip_tracking":false,"_monsterinsights_sitenote_active":false,"_monsterinsights_sitenote_note":"","_monsterinsights_sitenote_category":0,"footnotes":""},"class_list":["post-583","page","type-page","status-publish","has-post-thumbnail","hentry"],"yoast_head":"<!-- This site is optimized with the Yoast SEO Premium plugin v19.6 (Yoast SEO v27.0) - https:\/\/yoast.com\/product\/yoast-seo-premium-wordpress\/ -->\n<title>\u00dcber uns<\/title>\n<meta name=\"description\" content=\"Rietmann - das sind wir: \u00fcber 50 Jahre Know-How, rund 200 Mitarbeiter, die t\u00e4glich ihr Bestes geben und 10.000 qm Produktionsfl\u00e4che.\" \/>\n<meta name=\"robots\" content=\"index, follow, max-snippet:-1, max-image-preview:large, max-video-preview:-1\" \/>\n<link rel=\"canonical\" href=\"https:\/\/www.rietmann.de\/ueber-uns\/\" \/>\n<meta property=\"og:locale\" content=\"es_ES\" \/>\n<meta property=\"og:type\" content=\"article\" \/>\n<meta property=\"og:title\" content=\"[:de]Das sind wir![:en]This is us![:fr]Ca c\u2019est nous![:es]\u00a1Eso es lo que somos![:]\" \/>\n<meta property=\"og:description\" content=\"Rietmann - das sind wir: \u00fcber 50 Jahre Know-How, rund 200 Mitarbeiter, die t\u00e4glich ihr Bestes geben und 10.000 qm Produktionsfl\u00e4che.\" \/>\n<meta property=\"og:url\" content=\"https:\/\/www.rietmann.de\/ueber-uns\/\" \/>\n<meta property=\"og:site_name\" content=\"Theodor Rietmann GmbH\" \/>\n<meta property=\"article:publisher\" content=\"https:\/\/www.facebook.com\/rietmanngermany\" \/>\n<meta property=\"article:modified_time\" content=\"2025-08-20T10:45:03+00:00\" \/>\n<meta property=\"og:image\" content=\"https:\/\/www.rietmann.de\/wp-content\/uploads\/2018\/12\/Foto-Muehle-web-1024x614.jpg\" \/>\n\t<meta property=\"og:image:width\" content=\"1024\" \/>\n\t<meta property=\"og:image:height\" content=\"614\" \/>\n\t<meta property=\"og:image:type\" content=\"image\/jpeg\" \/>\n<meta name=\"twitter:card\" content=\"summary_large_image\" \/>\n<meta name=\"twitter:label1\" content=\"Tiempo de lectura\" \/>\n\t<meta name=\"twitter:data1\" content=\"2 minutos\" \/>\n<script type=\"application\/ld+json\" class=\"yoast-schema-graph\">{\"@context\":\"https:\/\/schema.org\",\"@graph\":[{\"@type\":\"WebPage\",\"@id\":\"https:\/\/www.rietmann.de\/ueber-uns\/\",\"url\":\"https:\/\/www.rietmann.de\/ueber-uns\/\",\"name\":\"\u00dcber uns\",\"isPartOf\":{\"@id\":\"https:\/\/www.rietmann.de\/#website\"},\"primaryImageOfPage\":{\"@id\":\"https:\/\/www.rietmann.de\/ueber-uns\/#primaryimage\"},\"image\":{\"@id\":\"https:\/\/www.rietmann.de\/ueber-uns\/#primaryimage\"},\"thumbnailUrl\":\"https:\/\/www.rietmann.de\/wp-content\/uploads\/2018\/12\/Foto-Muehle-web.jpg\",\"datePublished\":\"2018-12-13T10:17:32+00:00\",\"dateModified\":\"2025-08-20T10:45:03+00:00\",\"description\":\"Rietmann - das sind wir: \u00fcber 50 Jahre Know-How, rund 200 Mitarbeiter, die t\u00e4glich ihr Bestes geben und 10.000 qm Produktionsfl\u00e4che.\",\"breadcrumb\":{\"@id\":\"https:\/\/www.rietmann.de\/ueber-uns\/#breadcrumb\"},\"inLanguage\":\"es\",\"potentialAction\":[{\"@type\":\"ReadAction\",\"target\":[\"https:\/\/www.rietmann.de\/ueber-uns\/\"]}]},{\"@type\":\"ImageObject\",\"inLanguage\":\"es\",\"@id\":\"https:\/\/www.rietmann.de\/ueber-uns\/#primaryimage\",\"url\":\"https:\/\/www.rietmann.de\/wp-content\/uploads\/2018\/12\/Foto-Muehle-web.jpg\",\"contentUrl\":\"https:\/\/www.rietmann.de\/wp-content\/uploads\/2018\/12\/Foto-Muehle-web.jpg\",\"width\":3500,\"height\":2100,\"caption\":\"Einfahrt zur Kapellenm\u00fchle, dem Hauptsitz der Theodor Rietmann GmbH\"},{\"@type\":\"BreadcrumbList\",\"@id\":\"https:\/\/www.rietmann.de\/ueber-uns\/#breadcrumb\",\"itemListElement\":[{\"@type\":\"ListItem\",\"position\":1,\"name\":\"Startseite\",\"item\":\"https:\/\/www.rietmann.de\/\"},{\"@type\":\"ListItem\",\"position\":2,\"name\":\"Das sind wir!\"}]},{\"@type\":\"WebSite\",\"@id\":\"https:\/\/www.rietmann.de\/#website\",\"url\":\"https:\/\/www.rietmann.de\/\",\"name\":\"Theodor Rietmann GmbH\",\"description\":\"\",\"potentialAction\":[{\"@type\":\"SearchAction\",\"target\":{\"@type\":\"EntryPoint\",\"urlTemplate\":\"https:\/\/www.rietmann.de\/?s={search_term_string}\"},\"query-input\":{\"@type\":\"PropertyValueSpecification\",\"valueRequired\":true,\"valueName\":\"search_term_string\"}}],\"inLanguage\":\"es\"}]}<\/script>\n<!-- \/ Yoast SEO Premium plugin. -->","yoast_head_json":{"title":"\u00dcber uns","description":"Rietmann - das sind wir: \u00fcber 50 Jahre Know-How, rund 200 Mitarbeiter, die t\u00e4glich ihr Bestes geben und 10.000 qm Produktionsfl\u00e4che.","robots":{"index":"index","follow":"follow","max-snippet":"max-snippet:-1","max-image-preview":"max-image-preview:large","max-video-preview":"max-video-preview:-1"},"canonical":"https:\/\/www.rietmann.de\/ueber-uns\/","og_locale":"es_ES","og_type":"article","og_title":"[:de]Das sind wir![:en]This is us![:fr]Ca c\u2019est nous![:es]\u00a1Eso es lo que somos![:]","og_description":"Rietmann - das sind wir: \u00fcber 50 Jahre Know-How, rund 200 Mitarbeiter, die t\u00e4glich ihr Bestes geben und 10.000 qm Produktionsfl\u00e4che.","og_url":"https:\/\/www.rietmann.de\/ueber-uns\/","og_site_name":"Theodor Rietmann GmbH","article_publisher":"https:\/\/www.facebook.com\/rietmanngermany","article_modified_time":"2025-08-20T10:45:03+00:00","og_image":[{"width":1024,"height":614,"url":"https:\/\/www.rietmann.de\/wp-content\/uploads\/2018\/12\/Foto-Muehle-web-1024x614.jpg","type":"image\/jpeg"}],"twitter_card":"summary_large_image","twitter_misc":{"Tiempo de lectura":"2 minutos"},"schema":{"@context":"https:\/\/schema.org","@graph":[{"@type":"WebPage","@id":"https:\/\/www.rietmann.de\/ueber-uns\/","url":"https:\/\/www.rietmann.de\/ueber-uns\/","name":"\u00dcber uns","isPartOf":{"@id":"https:\/\/www.rietmann.de\/#website"},"primaryImageOfPage":{"@id":"https:\/\/www.rietmann.de\/ueber-uns\/#primaryimage"},"image":{"@id":"https:\/\/www.rietmann.de\/ueber-uns\/#primaryimage"},"thumbnailUrl":"https:\/\/www.rietmann.de\/wp-content\/uploads\/2018\/12\/Foto-Muehle-web.jpg","datePublished":"2018-12-13T10:17:32+00:00","dateModified":"2025-08-20T10:45:03+00:00","description":"Rietmann - das sind wir: \u00fcber 50 Jahre Know-How, rund 200 Mitarbeiter, die t\u00e4glich ihr Bestes geben und 10.000 qm Produktionsfl\u00e4che.","breadcrumb":{"@id":"https:\/\/www.rietmann.de\/ueber-uns\/#breadcrumb"},"inLanguage":"es","potentialAction":[{"@type":"ReadAction","target":["https:\/\/www.rietmann.de\/ueber-uns\/"]}]},{"@type":"ImageObject","inLanguage":"es","@id":"https:\/\/www.rietmann.de\/ueber-uns\/#primaryimage","url":"https:\/\/www.rietmann.de\/wp-content\/uploads\/2018\/12\/Foto-Muehle-web.jpg","contentUrl":"https:\/\/www.rietmann.de\/wp-content\/uploads\/2018\/12\/Foto-Muehle-web.jpg","width":3500,"height":2100,"caption":"Einfahrt zur Kapellenm\u00fchle, dem Hauptsitz der Theodor Rietmann GmbH"},{"@type":"BreadcrumbList","@id":"https:\/\/www.rietmann.de\/ueber-uns\/#breadcrumb","itemListElement":[{"@type":"ListItem","position":1,"name":"Startseite","item":"https:\/\/www.rietmann.de\/"},{"@type":"ListItem","position":2,"name":"Das sind wir!"}]},{"@type":"WebSite","@id":"https:\/\/www.rietmann.de\/#website","url":"https:\/\/www.rietmann.de\/","name":"Theodor Rietmann GmbH","description":"","potentialAction":[{"@type":"SearchAction","target":{"@type":"EntryPoint","urlTemplate":"https:\/\/www.rietmann.de\/?s={search_term_string}"},"query-input":{"@type":"PropertyValueSpecification","valueRequired":true,"valueName":"search_term_string"}}],"inLanguage":"es"}]}},"_links":{"self":[{"href":"https:\/\/www.rietmann.de\/es\/wp-json\/wp\/v2\/pages\/583","targetHints":{"allow":["GET"]}}],"collection":[{"href":"https:\/\/www.rietmann.de\/es\/wp-json\/wp\/v2\/pages"}],"about":[{"href":"https:\/\/www.rietmann.de\/es\/wp-json\/wp\/v2\/types\/page"}],"author":[{"embeddable":true,"href":"https:\/\/www.rietmann.de\/es\/wp-json\/wp\/v2\/users\/1"}],"replies":[{"embeddable":true,"href":"https:\/\/www.rietmann.de\/es\/wp-json\/wp\/v2\/comments?post=583"}],"version-history":[{"count":138,"href":"https:\/\/www.rietmann.de\/es\/wp-json\/wp\/v2\/pages\/583\/revisions"}],"predecessor-version":[{"id":21520,"href":"https:\/\/www.rietmann.de\/es\/wp-json\/wp\/v2\/pages\/583\/revisions\/21520"}],"wp:featuredmedia":[{"embeddable":true,"href":"https:\/\/www.rietmann.de\/es\/wp-json\/wp\/v2\/media\/845"}],"wp:attachment":[{"href":"https:\/\/www.rietmann.de\/es\/wp-json\/wp\/v2\/media?parent=583"}],"curies":[{"name":"wp","href":"https:\/\/api.w.org\/{rel}","templated":true}]}}