{"id":2148,"date":"2018-04-09T16:36:37","date_gmt":"2018-04-09T14:36:37","guid":{"rendered":"https:\/\/www.rietmann.de\/?post_type=portfolio&#038;p=2148"},"modified":"2026-03-02T08:09:28","modified_gmt":"2026-03-02T07:09:28","slug":"jobs","status":"publish","type":"page","link":"https:\/\/www.rietmann.de\/es\/jobs\/","title":{"rendered":"Jobs"},"content":{"rendered":"<p class=\"qtranxs-available-languages-message qtranxs-available-languages-message-es\">Disculpa, pero esta entrada est\u00e1 disponible s\u00f3lo en <a href=\"https:\/\/www.rietmann.de\/de\/wp-json\/wp\/v2\/pages\/2148\" class=\"qtranxs-available-language-link qtranxs-available-language-link-de\" title=\"Deutsch\">Deutsch<\/a> y <a href=\"https:\/\/www.rietmann.de\/fr\/wp-json\/wp\/v2\/pages\/2148\" class=\"qtranxs-available-language-link qtranxs-available-language-link-fr\" title=\"Fran\u00e7ais\">Fran\u00e7ais<\/a>.<\/p>","protected":false},"excerpt":{"rendered":"<p>Disculpa, pero esta entrada est\u00e1 disponible s\u00f3lo en Deutsch y Fran\u00e7ais.<\/p>\n","protected":false},"author":2,"featured_media":0,"parent":0,"menu_order":0,"comment_status":"closed","ping_status":"closed","template":"","meta":{"_monsterinsights_skip_tracking":false,"_monsterinsights_sitenote_active":false,"_monsterinsights_sitenote_note":"","_monsterinsights_sitenote_category":0,"footnotes":""},"class_list":["post-2148","page","type-page","status-publish","hentry"],"yoast_head":"<!-- This site is optimized with the Yoast SEO Premium plugin v19.6 (Yoast SEO v27.0) - https:\/\/yoast.com\/product\/yoast-seo-premium-wordpress\/ -->\n<title>Jobs - Theodor Rietmann GmbH<\/title>\n<meta name=\"robots\" content=\"index, follow, max-snippet:-1, max-image-preview:large, max-video-preview:-1\" \/>\n<link rel=\"canonical\" href=\"https:\/\/www.rietmann.de\/jobs\/\" \/>\n<meta property=\"og:locale\" content=\"es_ES\" \/>\n<meta property=\"og:type\" content=\"article\" \/>\n<meta property=\"og:title\" content=\"Jobs\" \/>\n<meta property=\"og:description\" content=\"Disculpa, pero esta entrada est\u00e1 disponible s\u00f3lo en Deutsch y Fran\u00e7ais.\" \/>\n<meta property=\"og:url\" content=\"https:\/\/www.rietmann.de\/jobs\/\" \/>\n<meta property=\"og:site_name\" content=\"Theodor Rietmann GmbH\" \/>\n<meta property=\"article:publisher\" content=\"https:\/\/www.facebook.com\/rietmanngermany\" \/>\n<meta property=\"article:modified_time\" content=\"2026-03-02T07:09:28+00:00\" \/>\n<meta name=\"twitter:card\" content=\"summary_large_image\" \/>\n<meta name=\"twitter:label1\" content=\"Tiempo de lectura\" \/>\n\t<meta name=\"twitter:data1\" content=\"1 minuto\" \/>\n<script type=\"application\/ld+json\" class=\"yoast-schema-graph\">{\"@context\":\"https:\/\/schema.org\",\"@graph\":[{\"@type\":\"WebPage\",\"@id\":\"https:\/\/www.rietmann.de\/jobs\/\",\"url\":\"https:\/\/www.rietmann.de\/jobs\/\",\"name\":\"Jobs - Theodor Rietmann GmbH\",\"isPartOf\":{\"@id\":\"https:\/\/www.rietmann.de\/#website\"},\"datePublished\":\"2018-04-09T14:36:37+00:00\",\"dateModified\":\"2026-03-02T07:09:28+00:00\",\"breadcrumb\":{\"@id\":\"https:\/\/www.rietmann.de\/jobs\/#breadcrumb\"},\"inLanguage\":\"es\",\"potentialAction\":[{\"@type\":\"ReadAction\",\"target\":[\"https:\/\/www.rietmann.de\/jobs\/\"]}]},{\"@type\":\"BreadcrumbList\",\"@id\":\"https:\/\/www.rietmann.de\/jobs\/#breadcrumb\",\"itemListElement\":[{\"@type\":\"ListItem\",\"position\":1,\"name\":\"Startseite\",\"item\":\"https:\/\/www.rietmann.de\/\"},{\"@type\":\"ListItem\",\"position\":2,\"name\":\"Jobs\"}]},{\"@type\":\"WebSite\",\"@id\":\"https:\/\/www.rietmann.de\/#website\",\"url\":\"https:\/\/www.rietmann.de\/\",\"name\":\"Theodor Rietmann GmbH\",\"description\":\"\",\"potentialAction\":[{\"@type\":\"SearchAction\",\"target\":{\"@type\":\"EntryPoint\",\"urlTemplate\":\"https:\/\/www.rietmann.de\/?s={search_term_string}\"},\"query-input\":{\"@type\":\"PropertyValueSpecification\",\"valueRequired\":true,\"valueName\":\"search_term_string\"}}],\"inLanguage\":\"es\"}]}<\/script>\n<!-- \/ Yoast SEO Premium plugin. -->","yoast_head_json":{"title":"Jobs - Theodor Rietmann GmbH","robots":{"index":"index","follow":"follow","max-snippet":"max-snippet:-1","max-image-preview":"max-image-preview:large","max-video-preview":"max-video-preview:-1"},"canonical":"https:\/\/www.rietmann.de\/jobs\/","og_locale":"es_ES","og_type":"article","og_title":"Jobs","og_description":"Disculpa, pero esta entrada est\u00e1 disponible s\u00f3lo en Deutsch y Fran\u00e7ais.","og_url":"https:\/\/www.rietmann.de\/jobs\/","og_site_name":"Theodor Rietmann GmbH","article_publisher":"https:\/\/www.facebook.com\/rietmanngermany","article_modified_time":"2026-03-02T07:09:28+00:00","twitter_card":"summary_large_image","twitter_misc":{"Tiempo de lectura":"1 minuto"},"schema":{"@context":"https:\/\/schema.org","@graph":[{"@type":"WebPage","@id":"https:\/\/www.rietmann.de\/jobs\/","url":"https:\/\/www.rietmann.de\/jobs\/","name":"Jobs - Theodor Rietmann GmbH","isPartOf":{"@id":"https:\/\/www.rietmann.de\/#website"},"datePublished":"2018-04-09T14:36:37+00:00","dateModified":"2026-03-02T07:09:28+00:00","breadcrumb":{"@id":"https:\/\/www.rietmann.de\/jobs\/#breadcrumb"},"inLanguage":"es","potentialAction":[{"@type":"ReadAction","target":["https:\/\/www.rietmann.de\/jobs\/"]}]},{"@type":"BreadcrumbList","@id":"https:\/\/www.rietmann.de\/jobs\/#breadcrumb","itemListElement":[{"@type":"ListItem","position":1,"name":"Startseite","item":"https:\/\/www.rietmann.de\/"},{"@type":"ListItem","position":2,"name":"Jobs"}]},{"@type":"WebSite","@id":"https:\/\/www.rietmann.de\/#website","url":"https:\/\/www.rietmann.de\/","name":"Theodor Rietmann GmbH","description":"","potentialAction":[{"@type":"SearchAction","target":{"@type":"EntryPoint","urlTemplate":"https:\/\/www.rietmann.de\/?s={search_term_string}"},"query-input":{"@type":"PropertyValueSpecification","valueRequired":true,"valueName":"search_term_string"}}],"inLanguage":"es"}]}},"_links":{"self":[{"href":"https:\/\/www.rietmann.de\/es\/wp-json\/wp\/v2\/pages\/2148","targetHints":{"allow":["GET"]}}],"collection":[{"href":"https:\/\/www.rietmann.de\/es\/wp-json\/wp\/v2\/pages"}],"about":[{"href":"https:\/\/www.rietmann.de\/es\/wp-json\/wp\/v2\/types\/page"}],"author":[{"embeddable":true,"href":"https:\/\/www.rietmann.de\/es\/wp-json\/wp\/v2\/users\/2"}],"replies":[{"embeddable":true,"href":"https:\/\/www.rietmann.de\/es\/wp-json\/wp\/v2\/comments?post=2148"}],"version-history":[{"count":101,"href":"https:\/\/www.rietmann.de\/es\/wp-json\/wp\/v2\/pages\/2148\/revisions"}],"predecessor-version":[{"id":21537,"href":"https:\/\/www.rietmann.de\/es\/wp-json\/wp\/v2\/pages\/2148\/revisions\/21537"}],"wp:attachment":[{"href":"https:\/\/www.rietmann.de\/es\/wp-json\/wp\/v2\/media?parent=2148"}],"curies":[{"name":"wp","href":"https:\/\/api.w.org\/{rel}","templated":true}]}}