{"id":1263,"date":"2019-02-08T09:10:03","date_gmt":"2019-02-08T09:10:03","guid":{"rendered":"http:\/\/rietmannwelten.mona.z6c.de\/?page_id=1263"},"modified":"2025-08-20T09:34:53","modified_gmt":"2025-08-20T07:34:53","slug":"certificates","status":"publish","type":"page","link":"https:\/\/www.rietmann.de\/es\/certificates\/","title":{"rendered":"Certificaciones"},"content":{"rendered":"[vc_row thb_full_width=\u00bbtrue\u00bb thb_row_padding=\u00bbtrue\u00bb full_height=\u00bbtrue\u00bb css=\u00bb.vc_custom_1566378917247{background-color: #cc5b39 !important;}\u00bb][vc_column][vc_column_text]\n<h2 style=\"text-align: center; color: #ffffff;\">Certificaciones<\/h2>\n<h4 style=\"text-align: center; color: #ffffff;\"><span id=\"result_box\" class=\"\" lang=\"en\"><span class=\"\">RIETMANN cumple con las normas internacionales desde hace muchos a\u00f1os. Por supuesto que realizamos desde hace mucho tiempo las certificaciones anuales IFS y las certificaciones en el sector de la agricultura ecol\u00f3gica.<br \/>\nNuestros productos sin gluten se fabrican siguiendo estrictamente las normas de la AOECS y, por lo tanto, cumplen los requisitos de la Sociedad Alemana de Celiaqu\u00eda.<br \/>\nEn la medida de lo posible, tambi\u00e9n se realizan auditor\u00edas y certificaciones a petici\u00f3n del cliente.<\/span><\/span><\/h4>\n[\/vc_column_text][\/vc_column][\/vc_row][vc_row thb_full_width=\u00bbtrue\u00bb thb_row_padding=\u00bbtrue\u00bb][vc_column width=\u00bb1\/2&#8243;][vc_empty_space][vc_column_text]\n<h3>Certificado IFS<\/h3>\n[\/vc_column_text][vc_single_image image=\u00bb20492&#8243; img_size=\u00bblarge\u00bb][vc_empty_space]\t<a class=\"btn-text   \" href=\"https:\/\/www.rietmann.de\/wp-content\/uploads\/2025\/08\/IFS-Rietmann_20.08.2026_EN.pdf\" target=\"_self\" role=\"button\" title=\"Download here\">\n\t\t\t\t\t\t <span>Download here<\/span>\n\t\t\t\t<\/a>\n\n\t[\/vc_column][vc_column width=\u00bb1\/2&#8243;][vc_empty_space][vc_column_text]\n<h3>Certificado BIO<\/h3>\n[\/vc_column_text][vc_single_image image=\u00bb20146&#8243; img_size=\u00bblarge\u00bb][vc_empty_space]\t<a class=\"btn-text   \" href=\"https:\/\/www.rietmann.de\/wp-content\/uploads\/2024\/01\/Bio-Zertifikat-Rietmann_31.01.2025_DE.pdf\" target=\"_self\" role=\"button\" title=\"Download here\">\n\t\t\t\t\t\t <span>Download here<\/span>\n\t\t\t\t<\/a>\n\n\t[\/vc_column][\/vc_row]","protected":false},"excerpt":{"rendered":"<p>[vc_row thb_full_width=\u00bbtrue\u00bb thb_row_padding=\u00bbtrue\u00bb full_height=\u00bbtrue\u00bb css=\u00bb.vc_custom_1566378917247{background-color: #cc5b39 !important;}\u00bb][vc_column][vc_column_text] Certificaciones RIETMANN cumple con las normas internacionales desde hace muchos a\u00f1os. Por supuesto que realizamos desde hace mucho tiempo las certificaciones anuales IFS y las certificaciones en el sector de la agricultura ecol\u00f3gica. Nuestros productos sin gluten se fabrican siguiendo estrictamente las normas de la AOECS y, por&hellip;<\/p>\n","protected":false},"author":1,"featured_media":845,"parent":0,"menu_order":0,"comment_status":"closed","ping_status":"closed","template":"","meta":{"_monsterinsights_skip_tracking":false,"_monsterinsights_sitenote_active":false,"_monsterinsights_sitenote_note":"","_monsterinsights_sitenote_category":0,"footnotes":""},"class_list":["post-1263","page","type-page","status-publish","has-post-thumbnail","hentry"],"yoast_head":"<!-- This site is optimized with the Yoast SEO Premium plugin v19.6 (Yoast SEO v27.0) - https:\/\/yoast.com\/product\/yoast-seo-premium-wordpress\/ -->\n<title>Zertifikate bei Rietmann<\/title>\n<meta name=\"robots\" content=\"index, follow, max-snippet:-1, max-image-preview:large, max-video-preview:-1\" \/>\n<link rel=\"canonical\" href=\"https:\/\/www.rietmann.de\/certificates\/\" \/>\n<meta property=\"og:locale\" content=\"es_ES\" \/>\n<meta property=\"og:type\" content=\"article\" \/>\n<meta property=\"og:title\" content=\"[:de]Zertifikate[:en]certificates[:fr]Certificats[:es]Certificaciones[:]\" \/>\n<meta property=\"og:description\" content=\"[vc_row thb_full_width=\u00bbtrue\u00bb thb_row_padding=\u00bbtrue\u00bb full_height=\u00bbtrue\u00bb css=\u00bb.vc_custom_1566378917247{background-color: #cc5b39 !important;}\u00bb][vc_column][vc_column_text] Certificaciones RIETMANN cumple con las normas internacionales desde hace muchos a\u00f1os. Por supuesto que realizamos desde hace mucho tiempo las certificaciones anuales IFS y las certificaciones en el sector de la agricultura ecol\u00f3gica. Nuestros productos sin gluten se fabrican siguiendo estrictamente las normas de la AOECS y, por&hellip;\" \/>\n<meta property=\"og:url\" content=\"https:\/\/www.rietmann.de\/certificates\/\" \/>\n<meta property=\"og:site_name\" content=\"Theodor Rietmann GmbH\" \/>\n<meta property=\"article:publisher\" content=\"https:\/\/www.facebook.com\/rietmanngermany\" \/>\n<meta property=\"article:modified_time\" content=\"2025-08-20T07:34:53+00:00\" \/>\n<meta property=\"og:image\" content=\"https:\/\/www.rietmann.de\/wp-content\/uploads\/2018\/12\/Foto-Muehle-web-1024x614.jpg\" \/>\n\t<meta property=\"og:image:width\" content=\"1024\" \/>\n\t<meta property=\"og:image:height\" content=\"614\" \/>\n\t<meta property=\"og:image:type\" content=\"image\/jpeg\" \/>\n<meta name=\"twitter:card\" content=\"summary_large_image\" \/>\n<meta name=\"twitter:label1\" content=\"Tiempo de lectura\" \/>\n\t<meta name=\"twitter:data1\" content=\"1 minuto\" \/>\n<script type=\"application\/ld+json\" class=\"yoast-schema-graph\">{\"@context\":\"https:\/\/schema.org\",\"@graph\":[{\"@type\":\"WebPage\",\"@id\":\"https:\/\/www.rietmann.de\/certificates\/\",\"url\":\"https:\/\/www.rietmann.de\/certificates\/\",\"name\":\"Zertifikate bei Rietmann\",\"isPartOf\":{\"@id\":\"https:\/\/www.rietmann.de\/#website\"},\"primaryImageOfPage\":{\"@id\":\"https:\/\/www.rietmann.de\/certificates\/#primaryimage\"},\"image\":{\"@id\":\"https:\/\/www.rietmann.de\/certificates\/#primaryimage\"},\"thumbnailUrl\":\"https:\/\/www.rietmann.de\/wp-content\/uploads\/2018\/12\/Foto-Muehle-web.jpg\",\"datePublished\":\"2019-02-08T09:10:03+00:00\",\"dateModified\":\"2025-08-20T07:34:53+00:00\",\"breadcrumb\":{\"@id\":\"https:\/\/www.rietmann.de\/certificates\/#breadcrumb\"},\"inLanguage\":\"es\",\"potentialAction\":[{\"@type\":\"ReadAction\",\"target\":[\"https:\/\/www.rietmann.de\/certificates\/\"]}]},{\"@type\":\"ImageObject\",\"inLanguage\":\"es\",\"@id\":\"https:\/\/www.rietmann.de\/certificates\/#primaryimage\",\"url\":\"https:\/\/www.rietmann.de\/wp-content\/uploads\/2018\/12\/Foto-Muehle-web.jpg\",\"contentUrl\":\"https:\/\/www.rietmann.de\/wp-content\/uploads\/2018\/12\/Foto-Muehle-web.jpg\",\"width\":3500,\"height\":2100,\"caption\":\"Einfahrt zur Kapellenm\u00fchle, dem Hauptsitz der Theodor Rietmann GmbH\"},{\"@type\":\"BreadcrumbList\",\"@id\":\"https:\/\/www.rietmann.de\/certificates\/#breadcrumb\",\"itemListElement\":[{\"@type\":\"ListItem\",\"position\":1,\"name\":\"Startseite\",\"item\":\"https:\/\/www.rietmann.de\/\"},{\"@type\":\"ListItem\",\"position\":2,\"name\":\"Zertifikate\"}]},{\"@type\":\"WebSite\",\"@id\":\"https:\/\/www.rietmann.de\/#website\",\"url\":\"https:\/\/www.rietmann.de\/\",\"name\":\"Theodor Rietmann GmbH\",\"description\":\"\",\"potentialAction\":[{\"@type\":\"SearchAction\",\"target\":{\"@type\":\"EntryPoint\",\"urlTemplate\":\"https:\/\/www.rietmann.de\/?s={search_term_string}\"},\"query-input\":{\"@type\":\"PropertyValueSpecification\",\"valueRequired\":true,\"valueName\":\"search_term_string\"}}],\"inLanguage\":\"es\"}]}<\/script>\n<!-- \/ Yoast SEO Premium plugin. -->","yoast_head_json":{"title":"Zertifikate bei Rietmann","robots":{"index":"index","follow":"follow","max-snippet":"max-snippet:-1","max-image-preview":"max-image-preview:large","max-video-preview":"max-video-preview:-1"},"canonical":"https:\/\/www.rietmann.de\/certificates\/","og_locale":"es_ES","og_type":"article","og_title":"[:de]Zertifikate[:en]certificates[:fr]Certificats[:es]Certificaciones[:]","og_description":"[vc_row thb_full_width=\u00bbtrue\u00bb thb_row_padding=\u00bbtrue\u00bb full_height=\u00bbtrue\u00bb css=\u00bb.vc_custom_1566378917247{background-color: #cc5b39 !important;}\u00bb][vc_column][vc_column_text] Certificaciones RIETMANN cumple con las normas internacionales desde hace muchos a\u00f1os. Por supuesto que realizamos desde hace mucho tiempo las certificaciones anuales IFS y las certificaciones en el sector de la agricultura ecol\u00f3gica. Nuestros productos sin gluten se fabrican siguiendo estrictamente las normas de la AOECS y, por&hellip;","og_url":"https:\/\/www.rietmann.de\/certificates\/","og_site_name":"Theodor Rietmann GmbH","article_publisher":"https:\/\/www.facebook.com\/rietmanngermany","article_modified_time":"2025-08-20T07:34:53+00:00","og_image":[{"width":1024,"height":614,"url":"https:\/\/www.rietmann.de\/wp-content\/uploads\/2018\/12\/Foto-Muehle-web-1024x614.jpg","type":"image\/jpeg"}],"twitter_card":"summary_large_image","twitter_misc":{"Tiempo de lectura":"1 minuto"},"schema":{"@context":"https:\/\/schema.org","@graph":[{"@type":"WebPage","@id":"https:\/\/www.rietmann.de\/certificates\/","url":"https:\/\/www.rietmann.de\/certificates\/","name":"Zertifikate bei Rietmann","isPartOf":{"@id":"https:\/\/www.rietmann.de\/#website"},"primaryImageOfPage":{"@id":"https:\/\/www.rietmann.de\/certificates\/#primaryimage"},"image":{"@id":"https:\/\/www.rietmann.de\/certificates\/#primaryimage"},"thumbnailUrl":"https:\/\/www.rietmann.de\/wp-content\/uploads\/2018\/12\/Foto-Muehle-web.jpg","datePublished":"2019-02-08T09:10:03+00:00","dateModified":"2025-08-20T07:34:53+00:00","breadcrumb":{"@id":"https:\/\/www.rietmann.de\/certificates\/#breadcrumb"},"inLanguage":"es","potentialAction":[{"@type":"ReadAction","target":["https:\/\/www.rietmann.de\/certificates\/"]}]},{"@type":"ImageObject","inLanguage":"es","@id":"https:\/\/www.rietmann.de\/certificates\/#primaryimage","url":"https:\/\/www.rietmann.de\/wp-content\/uploads\/2018\/12\/Foto-Muehle-web.jpg","contentUrl":"https:\/\/www.rietmann.de\/wp-content\/uploads\/2018\/12\/Foto-Muehle-web.jpg","width":3500,"height":2100,"caption":"Einfahrt zur Kapellenm\u00fchle, dem Hauptsitz der Theodor Rietmann GmbH"},{"@type":"BreadcrumbList","@id":"https:\/\/www.rietmann.de\/certificates\/#breadcrumb","itemListElement":[{"@type":"ListItem","position":1,"name":"Startseite","item":"https:\/\/www.rietmann.de\/"},{"@type":"ListItem","position":2,"name":"Zertifikate"}]},{"@type":"WebSite","@id":"https:\/\/www.rietmann.de\/#website","url":"https:\/\/www.rietmann.de\/","name":"Theodor Rietmann GmbH","description":"","potentialAction":[{"@type":"SearchAction","target":{"@type":"EntryPoint","urlTemplate":"https:\/\/www.rietmann.de\/?s={search_term_string}"},"query-input":{"@type":"PropertyValueSpecification","valueRequired":true,"valueName":"search_term_string"}}],"inLanguage":"es"}]}},"_links":{"self":[{"href":"https:\/\/www.rietmann.de\/es\/wp-json\/wp\/v2\/pages\/1263","targetHints":{"allow":["GET"]}}],"collection":[{"href":"https:\/\/www.rietmann.de\/es\/wp-json\/wp\/v2\/pages"}],"about":[{"href":"https:\/\/www.rietmann.de\/es\/wp-json\/wp\/v2\/types\/page"}],"author":[{"embeddable":true,"href":"https:\/\/www.rietmann.de\/es\/wp-json\/wp\/v2\/users\/1"}],"replies":[{"embeddable":true,"href":"https:\/\/www.rietmann.de\/es\/wp-json\/wp\/v2\/comments?post=1263"}],"version-history":[{"count":75,"href":"https:\/\/www.rietmann.de\/es\/wp-json\/wp\/v2\/pages\/1263\/revisions"}],"predecessor-version":[{"id":21515,"href":"https:\/\/www.rietmann.de\/es\/wp-json\/wp\/v2\/pages\/1263\/revisions\/21515"}],"wp:featuredmedia":[{"embeddable":true,"href":"https:\/\/www.rietmann.de\/es\/wp-json\/wp\/v2\/media\/845"}],"wp:attachment":[{"href":"https:\/\/www.rietmann.de\/es\/wp-json\/wp\/v2\/media?parent=1263"}],"curies":[{"name":"wp","href":"https:\/\/api.w.org\/{rel}","templated":true}]}}