{"id":583,"date":"2018-12-13T10:17:32","date_gmt":"2018-12-13T10:17:32","guid":{"rendered":"http:\/\/rietmannwelten.mona.z6c.de\/?page_id=583"},"modified":"2025-08-20T12:45:03","modified_gmt":"2025-08-20T10:45:03","slug":"ueber-uns","status":"publish","type":"page","link":"https:\/\/www.rietmann.de\/en\/ueber-uns\/","title":{"rendered":"This is us!"},"content":{"rendered":"[vc_row thb_full_width=&#8221;true&#8221; thb_row_padding=&#8221;true&#8221; full_height=&#8221;true&#8221; content_placement=&#8221;middle&#8221; parallax=&#8221;content-moving-fade&#8221; mouse_scroll=&#8221;true&#8221; css=&#8221;.vc_custom_1550741300442{background-color: #cc5b39 !important;background-position: center;background-repeat: no-repeat !important;background-size: cover !important;}&#8221;][vc_column thb_color=&#8221;thb-light-column&#8221; el_class=&#8221;text-center&#8221;][vc_column_text]\n<h1>We are Rietmann<\/h1>\n<p>In addition to the classic premixes, RIETMANN stands above all for tailor-made raw material mixtures in the baked goods sector.<\/p>\n<p>We have long been among the best in the industry. Well-known major manufacturers of national and international brands appreciate the high performance of our company.<br \/>\nWhether handcrafted bread or delicious pastries &#8211; comprehensive know-how coupled with state-of-the-art technology ensures innovations that inspire. This is our daily bread.[\/vc_column_text][vc_row_inner][vc_column_inner][vc_empty_space height=&#8221;80px&#8221;][\/vc_column_inner][\/vc_row_inner][vc_row_inner][vc_column_inner width=&#8221;1\/6&#8243;][\/vc_column_inner][vc_column_inner width=&#8221;1\/6&#8243;][vc_column_text]\n<h3>some numbers<\/h3>\n[\/vc_column_text][\/vc_column_inner][vc_column_inner width=&#8221;1\/6&#8243;]\t<div class=\"thb-counter\" id=\"thb-counter-10\">\n\t\t<style>\n\t\t#thb-counter-10 .odometer.odometer-auto-theme.odometer-animating-up .odometer-ribbon-inner,\n\t\t#thb-counter-10 .odometer.odometer-theme-minimal.odometer-animating-up .odometer-ribbon-inner {\n\t\t\ttransition: transform 2s;\n\t\t}\n\t\t#thb-counter-10 figure {\n\t\t\tcolor: ;\n\t\t}\n\t\t#thb-counter-10 svg path,\n\t\t#thb-counter-10 svg circle,\n\t\t#thb-counter-10 rect,\n\t\t#thb-counter-10 svg ellipse {\n\t\t\tstroke: ;\n\t\t}\n\t\t#thb-counter-10 .number {\n\t\t\tcolor: ;\n\t\t}\n\t\t<\/style>\n\t\t\t\t<div class=\"number\" data-count=\"58\" data-speed=\"2000\">0<\/div>\n\t\t<h6>Years<\/h6>\n\t\t\t\t<div>Know How<\/div>\n\t\t\t<\/div>\n\t[\/vc_column_inner][vc_column_inner width=&#8221;1\/6&#8243;]\t<div class=\"thb-counter\" id=\"thb-counter-80\">\n\t\t<style>\n\t\t#thb-counter-80 .odometer.odometer-auto-theme.odometer-animating-up .odometer-ribbon-inner,\n\t\t#thb-counter-80 .odometer.odometer-theme-minimal.odometer-animating-up .odometer-ribbon-inner {\n\t\t\ttransition: transform 2s;\n\t\t}\n\t\t#thb-counter-80 figure {\n\t\t\tcolor: ;\n\t\t}\n\t\t#thb-counter-80 svg path,\n\t\t#thb-counter-80 svg circle,\n\t\t#thb-counter-80 rect,\n\t\t#thb-counter-80 svg ellipse {\n\t\t\tstroke: ;\n\t\t}\n\t\t#thb-counter-80 .number {\n\t\t\tcolor: ;\n\t\t}\n\t\t<\/style>\n\t\t\t\t<div class=\"number\" data-count=\"250\" data-speed=\"2000\">0<\/div>\n\t\t<h6>Employees<\/h6>\n\t\t\t\t<div>who do their best<\/div>\n\t\t\t<\/div>\n\t[\/vc_column_inner][vc_column_inner width=&#8221;1\/6&#8243;]\t<div class=\"thb-counter\" id=\"thb-counter-83\">\n\t\t<style>\n\t\t#thb-counter-83 .odometer.odometer-auto-theme.odometer-animating-up .odometer-ribbon-inner,\n\t\t#thb-counter-83 .odometer.odometer-theme-minimal.odometer-animating-up .odometer-ribbon-inner {\n\t\t\ttransition: transform 2s;\n\t\t}\n\t\t#thb-counter-83 figure {\n\t\t\tcolor: ;\n\t\t}\n\t\t#thb-counter-83 svg path,\n\t\t#thb-counter-83 svg circle,\n\t\t#thb-counter-83 rect,\n\t\t#thb-counter-83 svg ellipse {\n\t\t\tstroke: ;\n\t\t}\n\t\t#thb-counter-83 .number {\n\t\t\tcolor: ;\n\t\t}\n\t\t<\/style>\n\t\t\t\t<div class=\"number\" data-count=\"10000\" data-speed=\"2000\">0<\/div>\n\t\t<h6>Square meters<\/h6>\n\t\t\t\t<div> of production<\/div>\n\t\t\t<\/div>\n\t[\/vc_column_inner][vc_column_inner width=&#8221;1\/6&#8243;][\/vc_column_inner][\/vc_row_inner][\/vc_column][\/vc_row][vc_row thb_full_width=&#8221;true&#8221; thb_row_padding=&#8221;true&#8221; content_placement=&#8221;middle&#8221;][vc_column width=&#8221;2\/3&#8243;][vc_column_text css=&#8221;.vc_custom_1556545595144{padding-top: 5% !important;padding-right: 15% !important;padding-bottom: 5% !important;padding-left: 15% !important;}&#8221;]\n<h1 class=\"uppercase borderLine \"><span class=\"bg\">Modern.<br \/>\n<\/span><span class=\"bg\">Innovative.<br \/>\n<\/span><span class=\"bg\">Family-run.<\/span><\/h1>\n<p>Theodor Rietmann GmbH is a medium-sized and family-operated enterprise. This has not changed since its establishment in 1967. The company has two production sites spanning a total area of 10,000 square metres. Behind all of the products manufactured at RIETMANN are continuous laboratory tests, a 100% guarantee of top-class quality as well as high processing reliability and well-founded quality management system. Over 50 years of experience make us a professional, reliable and strong partner at your side. And last but not least, a Rietmann team comprising over 200 members of staff who work to the best of their abilities each and every day.<\/p>\n<p>We deliver premium products to our customers all over the world, either directly or via our sales partners. Our range of products comprises a wide selection of easy-to-use baking mixes for both European-style and international products. We offer customised mixes developed specifically for our customers. The weight and material of the packaging can thus vary according to the requirements of the customers.[\/vc_column_text][\/vc_column][vc_column fixed=&#8221;thb-fixed&#8221; width=&#8221;1\/3&#8243;][vc_single_image image=&#8221;845&#8243; img_size=&#8221;large&#8221; css=&#8221;.vc_custom_1545117428137{padding-top: 5% !important;padding-right: 15% !important;padding-bottom: 5% !important;}&#8221;][vc_empty_space css=&#8221;.vc_custom_1544795792128{padding-right: 15% !important;padding-bottom: 5% !important;}&#8221;][\/vc_column][\/vc_row][vc_section parallax=&#8221;content-moving&#8221; parallax_image=&#8221;20952&#8243;][vc_row css=&#8221;.vc_custom_1738326233244{padding-top: 60px !important;padding-bottom: 60px !important;}&#8221;][vc_column width=&#8221;1\/3&#8243;]\t<div id=\"thb-image-69d0431fd2e04\" class=\"caption-style1  alignleft   thb_image_link wp-caption \">\n\t  \t\t\t<div class=\"thb-image-inner size_100\">\n\t\t\t\t<img loading=\"lazy\" decoding=\"async\" width=\"1024\" height=\"768\" src=\"data:image\/gif;base64,R0lGODlhAQABAAAAACH5BAEKAAEALAAAAAABAAEAAAICTAEAOw==\" class=\"thb_image   attachment-large thb-lazyload lazyload\" alt=\"\" sizes=\"auto, (max-width: 1024px) 100vw, 1024px\" data-src=\"https:\/\/www.rietmann.de\/wp-content\/uploads\/2025\/01\/zertifizierung.png\" data-sizes=\"auto\" data-srcset=\"https:\/\/www.rietmann.de\/wp-content\/uploads\/2025\/01\/zertifizierung.png 1024w, https:\/\/www.rietmann.de\/wp-content\/uploads\/2025\/01\/zertifizierung-300x225.png 300w, https:\/\/www.rietmann.de\/wp-content\/uploads\/2025\/01\/zertifizierung-768x576.png 768w, https:\/\/www.rietmann.de\/wp-content\/uploads\/2025\/01\/zertifizierung-150x113.png 150w, https:\/\/www.rietmann.de\/wp-content\/uploads\/2025\/01\/zertifizierung-600x450.png 600w, https:\/\/www.rietmann.de\/wp-content\/uploads\/2025\/01\/zertifizierung-900x675.png 900w, https:\/\/www.rietmann.de\/wp-content\/uploads\/2025\/01\/zertifizierung-20x16.png 20w\" \/>\t\t\t\t\t\t\t<\/div>\n\t\t\t\t\t\t\t\t\t<\/div>\n\t[\/vc_column][vc_column width=&#8221;2\/3&#8243;][vc_column_text css=&#8221;.vc_custom_1738672110638{padding-bottom: 20px !important;}&#8221;]\n<h2 class=\"borderLine \">Certified good!<\/h2>\n<p>RIETMANN has been meeting international standards for many years. The annual IFS certifications and certifications in the organic sector have long been a matter of course.<br \/>\nOur gluten-free products are produced strictly in accordance with the AOECS standard and therefore meet the requirements of the German Society for Coeliac Disease.<br \/>\nWe also comply with audits and certifications at the customer&#8217;s request wherever possible.[\/vc_column_text]\t<a class=\"btn  style6 animation left-to-right \" href=\"https:\/\/www.rietmann.de\/wp-content\/uploads\/2025\/08\/IFS-Rietmann_20.08.2026_EN.pdf\" target=\"_blank\" role=\"button\" title=\"Download IFS Certificate\"><span>Download IFS Certificate<\/span><\/a>\n\n\t[vc_empty_space height=&#8221;20px&#8221;]\t<a class=\"btn  style6 animation left-to-right \" href=\"https:\/\/www.rietmann.de\/wp-content\/uploads\/2025\/08\/Bio-Rietmann_31.01.2027_EN.pdf\" target=\"_blank\" role=\"button\" title=\"Download BIO Certificate\"><span>Download BIO Certificate<\/span><\/a>\n\n\t[\/vc_column][\/vc_row][\/vc_section]","protected":false},"excerpt":{"rendered":"<p>[vc_row thb_full_width=&#8221;true&#8221; thb_row_padding=&#8221;true&#8221; full_height=&#8221;true&#8221; content_placement=&#8221;middle&#8221; parallax=&#8221;content-moving-fade&#8221; mouse_scroll=&#8221;true&#8221; css=&#8221;.vc_custom_1550741300442{background-color: #cc5b39 !important;background-position: center;background-repeat: no-repeat !important;background-size: cover !important;}&#8221;][vc_column thb_color=&#8221;thb-light-column&#8221; el_class=&#8221;text-center&#8221;][vc_column_text] We are Rietmann In addition to the classic premixes, RIETMANN stands above all for tailor-made raw material mixtures in the baked goods sector. We have long been among the best in the industry. Well-known major manufacturers of national&hellip;<\/p>\n","protected":false},"author":1,"featured_media":845,"parent":0,"menu_order":0,"comment_status":"closed","ping_status":"closed","template":"","meta":{"_monsterinsights_skip_tracking":false,"_monsterinsights_sitenote_active":false,"_monsterinsights_sitenote_note":"","_monsterinsights_sitenote_category":0,"footnotes":""},"class_list":["post-583","page","type-page","status-publish","has-post-thumbnail","hentry"],"yoast_head":"<!-- This site is optimized with the Yoast SEO Premium plugin v19.6 (Yoast SEO v27.0) - https:\/\/yoast.com\/product\/yoast-seo-premium-wordpress\/ -->\n<title>\u00dcber uns<\/title>\n<meta name=\"description\" content=\"Rietmann - das sind wir: \u00fcber 50 Jahre Know-How, rund 200 Mitarbeiter, die t\u00e4glich ihr Bestes geben und 10.000 qm Produktionsfl\u00e4che.\" \/>\n<meta name=\"robots\" content=\"index, follow, max-snippet:-1, max-image-preview:large, max-video-preview:-1\" \/>\n<link rel=\"canonical\" href=\"https:\/\/www.rietmann.de\/ueber-uns\/\" \/>\n<meta property=\"og:locale\" content=\"en_US\" \/>\n<meta property=\"og:type\" content=\"article\" \/>\n<meta property=\"og:title\" content=\"[:de]Das sind wir![:en]This is us![:fr]Ca c\u2019est nous![:es]\u00a1Eso es lo que somos![:]\" \/>\n<meta property=\"og:description\" content=\"Rietmann - das sind wir: \u00fcber 50 Jahre Know-How, rund 200 Mitarbeiter, die t\u00e4glich ihr Bestes geben und 10.000 qm Produktionsfl\u00e4che.\" \/>\n<meta property=\"og:url\" content=\"https:\/\/www.rietmann.de\/ueber-uns\/\" \/>\n<meta property=\"og:site_name\" content=\"Theodor Rietmann GmbH\" \/>\n<meta property=\"article:publisher\" content=\"https:\/\/www.facebook.com\/rietmanngermany\" \/>\n<meta property=\"article:modified_time\" content=\"2025-08-20T10:45:03+00:00\" \/>\n<meta property=\"og:image\" content=\"https:\/\/www.rietmann.de\/wp-content\/uploads\/2018\/12\/Foto-Muehle-web-1024x614.jpg\" \/>\n\t<meta property=\"og:image:width\" content=\"1024\" \/>\n\t<meta property=\"og:image:height\" content=\"614\" \/>\n\t<meta property=\"og:image:type\" content=\"image\/jpeg\" \/>\n<meta name=\"twitter:card\" content=\"summary_large_image\" \/>\n<meta name=\"twitter:label1\" content=\"Est. reading time\" \/>\n\t<meta name=\"twitter:data1\" content=\"2 minutes\" \/>\n<script type=\"application\/ld+json\" class=\"yoast-schema-graph\">{\"@context\":\"https:\/\/schema.org\",\"@graph\":[{\"@type\":\"WebPage\",\"@id\":\"https:\/\/www.rietmann.de\/ueber-uns\/\",\"url\":\"https:\/\/www.rietmann.de\/ueber-uns\/\",\"name\":\"\u00dcber uns\",\"isPartOf\":{\"@id\":\"https:\/\/www.rietmann.de\/#website\"},\"primaryImageOfPage\":{\"@id\":\"https:\/\/www.rietmann.de\/ueber-uns\/#primaryimage\"},\"image\":{\"@id\":\"https:\/\/www.rietmann.de\/ueber-uns\/#primaryimage\"},\"thumbnailUrl\":\"https:\/\/www.rietmann.de\/wp-content\/uploads\/2018\/12\/Foto-Muehle-web.jpg\",\"datePublished\":\"2018-12-13T10:17:32+00:00\",\"dateModified\":\"2025-08-20T10:45:03+00:00\",\"description\":\"Rietmann - das sind wir: \u00fcber 50 Jahre Know-How, rund 200 Mitarbeiter, die t\u00e4glich ihr Bestes geben und 10.000 qm Produktionsfl\u00e4che.\",\"breadcrumb\":{\"@id\":\"https:\/\/www.rietmann.de\/ueber-uns\/#breadcrumb\"},\"inLanguage\":\"en-US\",\"potentialAction\":[{\"@type\":\"ReadAction\",\"target\":[\"https:\/\/www.rietmann.de\/ueber-uns\/\"]}]},{\"@type\":\"ImageObject\",\"inLanguage\":\"en-US\",\"@id\":\"https:\/\/www.rietmann.de\/ueber-uns\/#primaryimage\",\"url\":\"https:\/\/www.rietmann.de\/wp-content\/uploads\/2018\/12\/Foto-Muehle-web.jpg\",\"contentUrl\":\"https:\/\/www.rietmann.de\/wp-content\/uploads\/2018\/12\/Foto-Muehle-web.jpg\",\"width\":3500,\"height\":2100,\"caption\":\"Einfahrt zur Kapellenm\u00fchle, dem Hauptsitz der Theodor Rietmann GmbH\"},{\"@type\":\"BreadcrumbList\",\"@id\":\"https:\/\/www.rietmann.de\/ueber-uns\/#breadcrumb\",\"itemListElement\":[{\"@type\":\"ListItem\",\"position\":1,\"name\":\"Startseite\",\"item\":\"https:\/\/www.rietmann.de\/\"},{\"@type\":\"ListItem\",\"position\":2,\"name\":\"Das sind wir!\"}]},{\"@type\":\"WebSite\",\"@id\":\"https:\/\/www.rietmann.de\/#website\",\"url\":\"https:\/\/www.rietmann.de\/\",\"name\":\"Theodor Rietmann GmbH\",\"description\":\"\",\"potentialAction\":[{\"@type\":\"SearchAction\",\"target\":{\"@type\":\"EntryPoint\",\"urlTemplate\":\"https:\/\/www.rietmann.de\/?s={search_term_string}\"},\"query-input\":{\"@type\":\"PropertyValueSpecification\",\"valueRequired\":true,\"valueName\":\"search_term_string\"}}],\"inLanguage\":\"en-US\"}]}<\/script>\n<!-- \/ Yoast SEO Premium plugin. -->","yoast_head_json":{"title":"\u00dcber uns","description":"Rietmann - das sind wir: \u00fcber 50 Jahre Know-How, rund 200 Mitarbeiter, die t\u00e4glich ihr Bestes geben und 10.000 qm Produktionsfl\u00e4che.","robots":{"index":"index","follow":"follow","max-snippet":"max-snippet:-1","max-image-preview":"max-image-preview:large","max-video-preview":"max-video-preview:-1"},"canonical":"https:\/\/www.rietmann.de\/ueber-uns\/","og_locale":"en_US","og_type":"article","og_title":"[:de]Das sind wir![:en]This is us![:fr]Ca c\u2019est nous![:es]\u00a1Eso es lo que somos![:]","og_description":"Rietmann - das sind wir: \u00fcber 50 Jahre Know-How, rund 200 Mitarbeiter, die t\u00e4glich ihr Bestes geben und 10.000 qm Produktionsfl\u00e4che.","og_url":"https:\/\/www.rietmann.de\/ueber-uns\/","og_site_name":"Theodor Rietmann GmbH","article_publisher":"https:\/\/www.facebook.com\/rietmanngermany","article_modified_time":"2025-08-20T10:45:03+00:00","og_image":[{"width":1024,"height":614,"url":"https:\/\/www.rietmann.de\/wp-content\/uploads\/2018\/12\/Foto-Muehle-web-1024x614.jpg","type":"image\/jpeg"}],"twitter_card":"summary_large_image","twitter_misc":{"Est. reading time":"2 minutes"},"schema":{"@context":"https:\/\/schema.org","@graph":[{"@type":"WebPage","@id":"https:\/\/www.rietmann.de\/ueber-uns\/","url":"https:\/\/www.rietmann.de\/ueber-uns\/","name":"\u00dcber uns","isPartOf":{"@id":"https:\/\/www.rietmann.de\/#website"},"primaryImageOfPage":{"@id":"https:\/\/www.rietmann.de\/ueber-uns\/#primaryimage"},"image":{"@id":"https:\/\/www.rietmann.de\/ueber-uns\/#primaryimage"},"thumbnailUrl":"https:\/\/www.rietmann.de\/wp-content\/uploads\/2018\/12\/Foto-Muehle-web.jpg","datePublished":"2018-12-13T10:17:32+00:00","dateModified":"2025-08-20T10:45:03+00:00","description":"Rietmann - das sind wir: \u00fcber 50 Jahre Know-How, rund 200 Mitarbeiter, die t\u00e4glich ihr Bestes geben und 10.000 qm Produktionsfl\u00e4che.","breadcrumb":{"@id":"https:\/\/www.rietmann.de\/ueber-uns\/#breadcrumb"},"inLanguage":"en-US","potentialAction":[{"@type":"ReadAction","target":["https:\/\/www.rietmann.de\/ueber-uns\/"]}]},{"@type":"ImageObject","inLanguage":"en-US","@id":"https:\/\/www.rietmann.de\/ueber-uns\/#primaryimage","url":"https:\/\/www.rietmann.de\/wp-content\/uploads\/2018\/12\/Foto-Muehle-web.jpg","contentUrl":"https:\/\/www.rietmann.de\/wp-content\/uploads\/2018\/12\/Foto-Muehle-web.jpg","width":3500,"height":2100,"caption":"Einfahrt zur Kapellenm\u00fchle, dem Hauptsitz der Theodor Rietmann GmbH"},{"@type":"BreadcrumbList","@id":"https:\/\/www.rietmann.de\/ueber-uns\/#breadcrumb","itemListElement":[{"@type":"ListItem","position":1,"name":"Startseite","item":"https:\/\/www.rietmann.de\/"},{"@type":"ListItem","position":2,"name":"Das sind wir!"}]},{"@type":"WebSite","@id":"https:\/\/www.rietmann.de\/#website","url":"https:\/\/www.rietmann.de\/","name":"Theodor Rietmann GmbH","description":"","potentialAction":[{"@type":"SearchAction","target":{"@type":"EntryPoint","urlTemplate":"https:\/\/www.rietmann.de\/?s={search_term_string}"},"query-input":{"@type":"PropertyValueSpecification","valueRequired":true,"valueName":"search_term_string"}}],"inLanguage":"en-US"}]}},"_links":{"self":[{"href":"https:\/\/www.rietmann.de\/en\/wp-json\/wp\/v2\/pages\/583","targetHints":{"allow":["GET"]}}],"collection":[{"href":"https:\/\/www.rietmann.de\/en\/wp-json\/wp\/v2\/pages"}],"about":[{"href":"https:\/\/www.rietmann.de\/en\/wp-json\/wp\/v2\/types\/page"}],"author":[{"embeddable":true,"href":"https:\/\/www.rietmann.de\/en\/wp-json\/wp\/v2\/users\/1"}],"replies":[{"embeddable":true,"href":"https:\/\/www.rietmann.de\/en\/wp-json\/wp\/v2\/comments?post=583"}],"version-history":[{"count":138,"href":"https:\/\/www.rietmann.de\/en\/wp-json\/wp\/v2\/pages\/583\/revisions"}],"predecessor-version":[{"id":21520,"href":"https:\/\/www.rietmann.de\/en\/wp-json\/wp\/v2\/pages\/583\/revisions\/21520"}],"wp:featuredmedia":[{"embeddable":true,"href":"https:\/\/www.rietmann.de\/en\/wp-json\/wp\/v2\/media\/845"}],"wp:attachment":[{"href":"https:\/\/www.rietmann.de\/en\/wp-json\/wp\/v2\/media?parent=583"}],"curies":[{"name":"wp","href":"https:\/\/api.w.org\/{rel}","templated":true}]}}